{"id":78,"date":"2021-09-19T16:40:24","date_gmt":"2021-09-19T16:40:24","guid":{"rendered":"https:\/\/asgaardrp.com\/?page_id=78"},"modified":"2024-04-14T10:49:24","modified_gmt":"2024-04-14T10:49:24","slug":"cad-mdt","status":"publish","type":"page","link":"https:\/\/asgaardrp.com\/index.php\/asgaard-gaming-community-fivem\/cad-mdt\/","title":{"rendered":"CAD\/MDT"},"content":{"rendered":"\n\n\n<h2 class=\"wp-block-heading\">P\u00c5 Asgaard g\u00f8r vi brug af et CAD\/MDT system!<\/h2>\n\n\n\n<h4 class=\"wp-block-heading\">Hvad er CAD\/MDT?<\/h4>\n\n\n\n<p>Data Terminal, i daglig tale &#8220;CAD systemet&#8221; eller &#8220;CAD&#8217;en(udtales katten)&#8221;.<br>Det er der de civile skal registrere deres karakterer, v\u00e5ben og k\u00f8ret\u00f8jer. <br>Politi vil via CAD&#8217;en sl\u00e5 op p\u00e5 din karakters navn, og se karakterens historik, om du er tidligere straffet, hvilke b\u00f8der du har f\u00e5et.<br>Politiet vil samtidig kunne se hvilke nr. plader der er registreret til din karakter, og om du har v\u00e5ben tilladelse og k\u00f8re kort. <br><br><\/p>\n\n\n\n<p>I vores CAD\/MDT du registrere dine karakterer<\/p>\n\n\n\n<p>For at tilg\u00e5 vores CAD\/MDT <a href=\"https:\/\/gen-cad.com\" target=\"_blank\" rel=\"noreferrer noopener\">tryk her<\/a><\/p>\n\n\n\n<p>BEM\u00c6RK!!! Din anmodning om adgang til vores CAD\/MDT vil kun blive godkendt hvis du har v\u00e6ret til samtale om medlemskab(<a href=\"https:\/\/asgaardrp.com\/index.php\/asgaard-gaming-community-fivem\/ansoegning-til-asgaard-fivem-server\/\">ANS\u00d8G HER<\/a>), p\u00e5 vores RP server! Alle anmodninger bliver behandlet manuelt af en administrator!<\/p>\n\n\n\n<h2 class=\"wp-block-heading\">Guide til brug af CAD&#8217;en<\/h2>\n\n\n\n<figure class=\"wp-block-video\"><video height=\"1080\" style=\"aspect-ratio: 1920 \/ 1080;\" width=\"1920\" controls src=\"https:\/\/asgaardrp.com\/wp-content\/uploads\/2024\/04\/2022-07-08_17-46-47-1.mp4\"><\/video><\/figure>\n","protected":false},"excerpt":{"rendered":"<p>P\u00c5 Asgaard g\u00f8r vi brug af et CAD\/MDT system! Hvad er CAD\/MDT? Data Terminal, i daglig tale &#8220;CAD systemet&#8221; eller &#8220;CAD&#8217;en(udtales katten)&#8221;.Det er der de civile skal registrere deres karakterer, v\u00e5ben og k\u00f8ret\u00f8jer. Politi vil via CAD&#8217;en sl\u00e5 op p\u00e5 din karakters navn, og se karakterens historik, om du er tidligere straffet, hvilke b\u00f8der du [&hellip;]<\/p>\n","protected":false},"author":1,"featured_media":0,"parent":29,"menu_order":6,"comment_status":"closed","ping_status":"closed","template":"","meta":{"footnotes":""},"class_list":["post-78","page","type-page","status-publish","hentry"],"yoast_head":"<!-- This site is optimized with the Yoast SEO plugin v23.4 - https:\/\/yoast.com\/wordpress\/plugins\/seo\/ -->\n<title>CAD\/MDT - Asgaard Gaming Community<\/title>\n<meta name=\"description\" content=\"Guide til brug af vores CAD - CAD\/MDT Asgaard Gaming Community Asgaard Gaming Community CAD\/MDT CAD\/MDT Asgaard Gaming Community\" \/>\n<meta name=\"robots\" content=\"index, follow, max-snippet:-1, max-image-preview:large, max-video-preview:-1\" \/>\n<link rel=\"canonical\" href=\"https:\/\/asgaardrp.com\/index.php\/asgaard-gaming-community-fivem\/cad-mdt\/\" \/>\n<meta property=\"og:locale\" content=\"da_DK\" \/>\n<meta property=\"og:type\" content=\"article\" \/>\n<meta property=\"og:title\" content=\"CAD\/MDT - Asgaard Gaming Community\" \/>\n<meta property=\"og:description\" content=\"Guide til brug af vores CAD - CAD\/MDT Asgaard Gaming Community Asgaard Gaming Community CAD\/MDT CAD\/MDT Asgaard Gaming Community\" \/>\n<meta property=\"og:url\" content=\"https:\/\/asgaardrp.com\/index.php\/asgaard-gaming-community-fivem\/cad-mdt\/\" \/>\n<meta property=\"og:site_name\" content=\"Asgaard Gaming Community\" \/>\n<meta property=\"article:modified_time\" content=\"2024-04-14T10:49:24+00:00\" \/>\n<meta name=\"twitter:card\" content=\"summary_large_image\" \/>\n<meta name=\"twitter:label1\" content=\"Estimeret l\u00e6setid\" \/>\n\t<meta name=\"twitter:data1\" content=\"1 minut\" \/>\n<script type=\"application\/ld+json\" class=\"yoast-schema-graph\">{\"@context\":\"https:\/\/schema.org\",\"@graph\":[{\"@type\":\"WebPage\",\"@id\":\"https:\/\/asgaardrp.com\/index.php\/asgaard-gaming-community-fivem\/cad-mdt\/\",\"url\":\"https:\/\/asgaardrp.com\/index.php\/asgaard-gaming-community-fivem\/cad-mdt\/\",\"name\":\"CAD\/MDT - Asgaard Gaming Community\",\"isPartOf\":{\"@id\":\"https:\/\/asgaardrp.com\/#website\"},\"datePublished\":\"2021-09-19T16:40:24+00:00\",\"dateModified\":\"2024-04-14T10:49:24+00:00\",\"description\":\"Guide til brug af vores CAD - CAD\/MDT Asgaard Gaming Community Asgaard Gaming Community CAD\/MDT CAD\/MDT Asgaard Gaming Community\",\"breadcrumb\":{\"@id\":\"https:\/\/asgaardrp.com\/index.php\/asgaard-gaming-community-fivem\/cad-mdt\/#breadcrumb\"},\"inLanguage\":\"da-DK\",\"potentialAction\":[{\"@type\":\"ReadAction\",\"target\":[\"https:\/\/asgaardrp.com\/index.php\/asgaard-gaming-community-fivem\/cad-mdt\/\"]}]},{\"@type\":\"BreadcrumbList\",\"@id\":\"https:\/\/asgaardrp.com\/index.php\/asgaard-gaming-community-fivem\/cad-mdt\/#breadcrumb\",\"itemListElement\":[{\"@type\":\"ListItem\",\"position\":1,\"name\":\"Hjem\",\"item\":\"https:\/\/asgaardrp.com\/\"},{\"@type\":\"ListItem\",\"position\":2,\"name\":\"FiveM\",\"item\":\"https:\/\/asgaardrp.com\/index.php\/asgaard-gaming-community-fivem\/\"},{\"@type\":\"ListItem\",\"position\":3,\"name\":\"CAD\/MDT\"}]},{\"@type\":\"WebSite\",\"@id\":\"https:\/\/asgaardrp.com\/#website\",\"url\":\"https:\/\/asgaardrp.com\/\",\"name\":\"Asgaard Gaming Community\",\"description\":\"Velkommen til et f\u00e6llesskab med st\u00e6rkt sammenhold!\",\"publisher\":{\"@id\":\"https:\/\/asgaardrp.com\/#organization\"},\"potentialAction\":[{\"@type\":\"SearchAction\",\"target\":{\"@type\":\"EntryPoint\",\"urlTemplate\":\"https:\/\/asgaardrp.com\/?s={search_term_string}\"},\"query-input\":{\"@type\":\"PropertyValueSpecification\",\"valueRequired\":true,\"valueName\":\"search_term_string\"}}],\"inLanguage\":\"da-DK\"},{\"@type\":\"Organization\",\"@id\":\"https:\/\/asgaardrp.com\/#organization\",\"name\":\"Asgaard Gaming Community\",\"url\":\"https:\/\/asgaardrp.com\/\",\"logo\":{\"@type\":\"ImageObject\",\"inLanguage\":\"da-DK\",\"@id\":\"https:\/\/asgaardrp.com\/#\/schema\/logo\/image\/\",\"url\":\"https:\/\/asgaardrp.com\/wp-content\/uploads\/2021\/08\/cropped-Tri_trans.png\",\"contentUrl\":\"https:\/\/asgaardrp.com\/wp-content\/uploads\/2021\/08\/cropped-Tri_trans.png\",\"width\":500,\"height\":500,\"caption\":\"Asgaard Gaming Community\"},\"image\":{\"@id\":\"https:\/\/asgaardrp.com\/#\/schema\/logo\/image\/\"}}]}<\/script>\n<!-- \/ Yoast SEO plugin. -->","yoast_head_json":{"title":"CAD\/MDT - Asgaard Gaming Community","description":"Guide til brug af vores CAD - CAD\/MDT Asgaard Gaming Community Asgaard Gaming Community CAD\/MDT CAD\/MDT Asgaard Gaming Community","robots":{"index":"index","follow":"follow","max-snippet":"max-snippet:-1","max-image-preview":"max-image-preview:large","max-video-preview":"max-video-preview:-1"},"canonical":"https:\/\/asgaardrp.com\/index.php\/asgaard-gaming-community-fivem\/cad-mdt\/","og_locale":"da_DK","og_type":"article","og_title":"CAD\/MDT - Asgaard Gaming Community","og_description":"Guide til brug af vores CAD - CAD\/MDT Asgaard Gaming Community Asgaard Gaming Community CAD\/MDT CAD\/MDT Asgaard Gaming Community","og_url":"https:\/\/asgaardrp.com\/index.php\/asgaard-gaming-community-fivem\/cad-mdt\/","og_site_name":"Asgaard Gaming Community","article_modified_time":"2024-04-14T10:49:24+00:00","twitter_card":"summary_large_image","twitter_misc":{"Estimeret l\u00e6setid":"1 minut"},"schema":{"@context":"https:\/\/schema.org","@graph":[{"@type":"WebPage","@id":"https:\/\/asgaardrp.com\/index.php\/asgaard-gaming-community-fivem\/cad-mdt\/","url":"https:\/\/asgaardrp.com\/index.php\/asgaard-gaming-community-fivem\/cad-mdt\/","name":"CAD\/MDT - Asgaard Gaming Community","isPartOf":{"@id":"https:\/\/asgaardrp.com\/#website"},"datePublished":"2021-09-19T16:40:24+00:00","dateModified":"2024-04-14T10:49:24+00:00","description":"Guide til brug af vores CAD - CAD\/MDT Asgaard Gaming Community Asgaard Gaming Community CAD\/MDT CAD\/MDT Asgaard Gaming Community","breadcrumb":{"@id":"https:\/\/asgaardrp.com\/index.php\/asgaard-gaming-community-fivem\/cad-mdt\/#breadcrumb"},"inLanguage":"da-DK","potentialAction":[{"@type":"ReadAction","target":["https:\/\/asgaardrp.com\/index.php\/asgaard-gaming-community-fivem\/cad-mdt\/"]}]},{"@type":"BreadcrumbList","@id":"https:\/\/asgaardrp.com\/index.php\/asgaard-gaming-community-fivem\/cad-mdt\/#breadcrumb","itemListElement":[{"@type":"ListItem","position":1,"name":"Hjem","item":"https:\/\/asgaardrp.com\/"},{"@type":"ListItem","position":2,"name":"FiveM","item":"https:\/\/asgaardrp.com\/index.php\/asgaard-gaming-community-fivem\/"},{"@type":"ListItem","position":3,"name":"CAD\/MDT"}]},{"@type":"WebSite","@id":"https:\/\/asgaardrp.com\/#website","url":"https:\/\/asgaardrp.com\/","name":"Asgaard Gaming Community","description":"Velkommen til et f\u00e6llesskab med st\u00e6rkt sammenhold!","publisher":{"@id":"https:\/\/asgaardrp.com\/#organization"},"potentialAction":[{"@type":"SearchAction","target":{"@type":"EntryPoint","urlTemplate":"https:\/\/asgaardrp.com\/?s={search_term_string}"},"query-input":{"@type":"PropertyValueSpecification","valueRequired":true,"valueName":"search_term_string"}}],"inLanguage":"da-DK"},{"@type":"Organization","@id":"https:\/\/asgaardrp.com\/#organization","name":"Asgaard Gaming Community","url":"https:\/\/asgaardrp.com\/","logo":{"@type":"ImageObject","inLanguage":"da-DK","@id":"https:\/\/asgaardrp.com\/#\/schema\/logo\/image\/","url":"https:\/\/asgaardrp.com\/wp-content\/uploads\/2021\/08\/cropped-Tri_trans.png","contentUrl":"https:\/\/asgaardrp.com\/wp-content\/uploads\/2021\/08\/cropped-Tri_trans.png","width":500,"height":500,"caption":"Asgaard Gaming Community"},"image":{"@id":"https:\/\/asgaardrp.com\/#\/schema\/logo\/image\/"}}]}},"_links":{"self":[{"href":"https:\/\/asgaardrp.com\/index.php\/wp-json\/wp\/v2\/pages\/78","targetHints":{"allow":["GET"]}}],"collection":[{"href":"https:\/\/asgaardrp.com\/index.php\/wp-json\/wp\/v2\/pages"}],"about":[{"href":"https:\/\/asgaardrp.com\/index.php\/wp-json\/wp\/v2\/types\/page"}],"author":[{"embeddable":true,"href":"https:\/\/asgaardrp.com\/index.php\/wp-json\/wp\/v2\/users\/1"}],"replies":[{"embeddable":true,"href":"https:\/\/asgaardrp.com\/index.php\/wp-json\/wp\/v2\/comments?post=78"}],"version-history":[{"count":15,"href":"https:\/\/asgaardrp.com\/index.php\/wp-json\/wp\/v2\/pages\/78\/revisions"}],"predecessor-version":[{"id":214,"href":"https:\/\/asgaardrp.com\/index.php\/wp-json\/wp\/v2\/pages\/78\/revisions\/214"}],"up":[{"embeddable":true,"href":"https:\/\/asgaardrp.com\/index.php\/wp-json\/wp\/v2\/pages\/29"}],"wp:attachment":[{"href":"https:\/\/asgaardrp.com\/index.php\/wp-json\/wp\/v2\/media?parent=78"}],"curies":[{"name":"wp","href":"https:\/\/api.w.org\/{rel}","templated":true}]}}