{"id":71,"date":"2021-08-30T02:45:44","date_gmt":"2021-08-30T02:45:44","guid":{"rendered":"https:\/\/asgaardrp.com\/?page_id=71"},"modified":"2024-04-14T10:51:09","modified_gmt":"2024-04-14T10:51:09","slug":"ansoeg","status":"publish","type":"page","link":"https:\/\/asgaardrp.com\/index.php\/asgaard-gaming-community-fivem\/ansoeg\/","title":{"rendered":"Ans\u00f8gning til Asgaard&#8217; FiveM server"},"content":{"rendered":"\n<h2 class=\"wp-block-heading\">Husk at slutte dig til Discord&#8217;en f\u00f8r du ans\u00f8ger!!!<\/h2>\n\n\n\n<figure class=\"wp-block-image size-full is-resized\"><a href=\"https:\/\/discord.gg\/asgaard\"><img loading=\"lazy\" decoding=\"async\" width=\"800\" height=\"600\" src=\"https:\/\/asgaardrp.com\/wp-content\/uploads\/2021\/08\/fw7CRRzTJ9rr8jY8kYtJ.jpg\" alt=\"\" class=\"wp-image-20\" style=\"width:287px;height:215px\" srcset=\"https:\/\/asgaardrp.com\/wp-content\/uploads\/2021\/08\/fw7CRRzTJ9rr8jY8kYtJ.jpg 800w, https:\/\/asgaardrp.com\/wp-content\/uploads\/2021\/08\/fw7CRRzTJ9rr8jY8kYtJ-300x225.jpg 300w, https:\/\/asgaardrp.com\/wp-content\/uploads\/2021\/08\/fw7CRRzTJ9rr8jY8kYtJ-768x576.jpg 768w\" sizes=\"auto, (max-width: 800px) 100vw, 800px\" \/><\/a><\/figure>\n\n\n<div class='fluentform ff-default fluentform_wrapper_3  ff_guten_block ffs_default_wrap'><form data-form_id=\"3\" id=\"fluentform_3\" class=\"frm-fluent-form fluent_form_3 ff-el-form-top ff_form_instance_3_1 ff-form-loading ffs_default\" data-form_instance=\"ff_form_instance_3_1\" method=\"POST\" ><fieldset  style=\"border: none!important;margin: 0!important;padding: 0!important;background-color: transparent!important;box-shadow: none!important;outline: none!important; min-inline-size: 100%;\">\n                    <legend class=\"ff_screen_reader_title\" style=\"display: block; margin: 0!important;padding: 0!important;height: 0!important;text-indent: -999999px;width: 0!important;overflow:hidden;\">Ans\u00f8gning<\/legend><p style=\"display: none !important;\" class=\"akismet-fields-container\" data-prefix=\"ak_\"><label>&#916;<textarea name=\"ak_hp_textarea\" cols=\"45\" rows=\"8\" maxlength=\"100\"><\/textarea><\/label><input type=\"hidden\" id=\"ak_js_1\" name=\"ak_js\" value=\"197\"\/><script>document.getElementById( \"ak_js_1\" ).setAttribute( \"value\", ( new Date() ).getTime() );<\/script><\/p><input type='hidden' name='__fluent_form_embded_post_id' value='71' \/><input type=\"hidden\" id=\"_fluentform_3_fluentformnonce\" name=\"_fluentform_3_fluentformnonce\" value=\"91f6643719\" \/><input type=\"hidden\" name=\"_wp_http_referer\" value=\"\/index.php\/wp-json\/wp\/v2\/pages\/71\" \/><div class='ff-el-group'><div class=\"ff-el-input--label ff-el-is-required asterisk-right\"><label for='ff_3_input_text' aria-label=\"Navn\">Navn<\/label><\/div><div class='ff-el-input--content'><input type=\"text\" name=\"input_text\" class=\"ff-el-form-control\" placeholder=\"Fornavn\" data-name=\"input_text\" id=\"ff_3_input_text\"  aria-invalid=\"false\" aria-required=true><\/div><\/div><div class='ff-el-group'><div class=\"ff-el-input--label ff-el-is-required asterisk-right\"><label for='ff_3_datetime' aria-label=\"F\u00f8dselsdato\">F\u00f8dselsdato<\/label><\/div><div class='ff-el-input--content'><input data-type-datepicker data-format='d\/m\/Y' type=\"text\" name=\"datetime\" id=\"ff_3_datetime\" class=\"ff-el-form-control ff-el-datepicker\" placeholder=\"(dd\/mm\/\u00e5\u00e5\u00e5\u00e5)\" data-name=\"datetime\"  aria-invalid='false' aria-required=true><\/div><\/div><div class='ff-el-group'><div class=\"ff-el-input--label ff-el-is-required asterisk-right\"><label for='ff_3_input_text_4' aria-label=\"Bekr\u00e6ft din alder\">Bekr\u00e6ft din alder<\/label><\/div><div class='ff-el-input--content'><input type=\"text\" name=\"input_text_4\" class=\"ff-el-form-control\" placeholder=\"Din alder\" data-name=\"input_text_4\" id=\"ff_3_input_text_4\"  aria-invalid=\"false\" aria-required=true><\/div><\/div><div class='ff-el-group'><div class=\"ff-el-input--label ff-el-is-required asterisk-right\"><label for='ff_3_input_text_1' aria-label=\"Discord navn\">Discord navn<\/label><\/div><div class='ff-el-input--content'><input type=\"text\" name=\"input_text_1\" class=\"ff-el-form-control\" placeholder=\"JohnDoe#0000\" data-name=\"input_text_1\" id=\"ff_3_input_text_1\"  aria-invalid=\"false\" aria-required=true><\/div><\/div><div class='ff-el-group'><div class=\"ff-el-input--label asterisk-right\"><label for='ff_3_dropdown' aria-label=\"Hvordan fandt du Asgaard\">Hvordan fandt du Asgaard<\/label><\/div><div class='ff-el-input--content'><select name=\"dropdown\" id=\"ff_3_dropdown\" class=\"ff-el-form-control\" data-name=\"dropdown\" data-calc_value=\"0\"  aria-invalid=\"false\" aria-required=false><option value=\"Gennem FiveM serverlisten\"  >Gennem FiveM serverlisten<\/option><option value=\"Gennem venner\"  >Gennem venner<\/option><option value=\"Gennem en streamer\"  >Gennem en streamer<\/option><\/select><\/div><\/div><div class='ff-el-group'><div class=\"ff-el-input--label asterisk-right\"><label for='ff_3_input_text_2' aria-label=\"Hvor mange timer har du i FiveM?\">Hvor mange timer har du i FiveM?<\/label><\/div><div class='ff-el-input--content'><input type=\"text\" name=\"input_text_2\" class=\"ff-el-form-control\" placeholder=\"Erfaring er ikke et krav for medlemskab!\" data-name=\"input_text_2\" id=\"ff_3_input_text_2\"  aria-invalid=\"false\" aria-required=false><\/div><\/div><div class='ff-el-group'><div class=\"ff-el-input--label ff-el-is-required asterisk-right\"><label for='ff_3_input_text_3' aria-label=\"Hvorfor vil du gerne tilslutte dig Asgaard?\">Hvorfor vil du gerne tilslutte dig Asgaard?<\/label><\/div><div class='ff-el-input--content'><input type=\"text\" name=\"input_text_3\" class=\"ff-el-form-control\" data-name=\"input_text_3\" id=\"ff_3_input_text_3\"  aria-invalid=\"false\" aria-required=true><\/div><\/div><div class='ff-el-group ff-text-center ff_submit_btn_wrapper'><button type=\"submit\" class=\"ff-btn ff-btn-submit ff-btn-lg ff_btn_style wpf_has_custom_css\" >Send ans\u00f8gning<\/button><\/div><\/fieldset><\/form><div id='fluentform_3_errors' class='ff-errors-in-stack ff_form_instance_3_1 ff-form-loading_errors ff_form_instance_3_1_errors'><\/div><\/div>        <script type=\"text\/javascript\">\n            window.fluent_form_ff_form_instance_3_1 = {\"id\":\"3\",\"settings\":{\"layout\":{\"labelPlacement\":\"top\",\"helpMessagePlacement\":\"with_label\",\"errorMessagePlacement\":\"inline\",\"asteriskPlacement\":\"asterisk-right\"},\"restrictions\":{\"denyEmptySubmission\":{\"enabled\":false}}},\"form_instance\":\"ff_form_instance_3_1\",\"form_id_selector\":\"fluentform_3\",\"rules\":{\"input_text\":{\"required\":{\"value\":true,\"message\":\"Dette felt skal udfyldes!\"}},\"datetime\":{\"required\":{\"value\":true,\"message\":\"This field is required\"}},\"input_text_4\":{\"required\":{\"value\":true,\"message\":\"This field is required\"}},\"input_text_1\":{\"required\":{\"value\":true,\"message\":\"Dette felt skal udfyldes\"}},\"dropdown\":{\"required\":{\"value\":false,\"message\":\"This field is required\"}},\"input_text_2\":{\"required\":{\"value\":false,\"message\":\"This field is required\"}},\"input_text_3\":{\"required\":{\"value\":true,\"message\":\"Dette felt skal udfyldes\"}}}};\n                    <\/script>\n        \n\n\n<h2 class=\"wp-block-heading\">CAD systemet<\/h2>\n\n\n\n<p>Husk ogs\u00e5 at registrere dig p\u00e5 vores <a href=\"https:\/\/asgaardrp.com\/index.php\/asgaard-gaming-community-fivem\/cad-mdt\/\" target=\"_blank\" rel=\"noreferrer noopener\">CAD system<\/a><\/p>\n","protected":false},"excerpt":{"rendered":"<p>Husk at slutte dig til Discord&#8217;en f\u00f8r du ans\u00f8ger!!! CAD systemet Husk ogs\u00e5 at registrere dig p\u00e5 vores CAD system<\/p>\n","protected":false},"author":1,"featured_media":0,"parent":29,"menu_order":6,"comment_status":"closed","ping_status":"closed","template":"","meta":{"footnotes":""},"class_list":["post-71","page","type-page","status-publish","hentry"],"yoast_head":"<!-- This site is optimized with the Yoast SEO plugin v23.4 - https:\/\/yoast.com\/wordpress\/plugins\/seo\/ -->\n<title>Ans\u00f8gning til Asgaard&#039; FiveM server - Asgaard Gaming Community<\/title>\n<meta name=\"robots\" content=\"index, follow, max-snippet:-1, max-image-preview:large, max-video-preview:-1\" \/>\n<link rel=\"canonical\" href=\"https:\/\/asgaardrp.com\/index.php\/asgaard-gaming-community-fivem\/ansoeg\/\" \/>\n<meta property=\"og:locale\" content=\"da_DK\" \/>\n<meta property=\"og:type\" content=\"article\" \/>\n<meta property=\"og:title\" content=\"Ans\u00f8gning til Asgaard&#039; FiveM server - Asgaard Gaming Community\" \/>\n<meta property=\"og:description\" content=\"Husk at slutte dig til Discord&#8217;en f\u00f8r du ans\u00f8ger!!! CAD systemet Husk ogs\u00e5 at registrere dig p\u00e5 vores CAD system\" \/>\n<meta property=\"og:url\" content=\"https:\/\/asgaardrp.com\/index.php\/asgaard-gaming-community-fivem\/ansoeg\/\" \/>\n<meta property=\"og:site_name\" content=\"Asgaard Gaming Community\" \/>\n<meta property=\"article:modified_time\" content=\"2024-04-14T10:51:09+00:00\" \/>\n<meta property=\"og:image\" content=\"https:\/\/asgaardrp.com\/wp-content\/uploads\/2021\/08\/fw7CRRzTJ9rr8jY8kYtJ.jpg\" \/>\n<meta name=\"twitter:card\" content=\"summary_large_image\" \/>\n<meta name=\"twitter:label1\" content=\"Estimeret l\u00e6setid\" \/>\n\t<meta name=\"twitter:data1\" content=\"1 minut\" \/>\n<script type=\"application\/ld+json\" class=\"yoast-schema-graph\">{\"@context\":\"https:\/\/schema.org\",\"@graph\":[{\"@type\":\"WebPage\",\"@id\":\"https:\/\/asgaardrp.com\/index.php\/asgaard-gaming-community-fivem\/ansoeg\/\",\"url\":\"https:\/\/asgaardrp.com\/index.php\/asgaard-gaming-community-fivem\/ansoeg\/\",\"name\":\"Ans\u00f8gning til Asgaard' FiveM server - Asgaard Gaming Community\",\"isPartOf\":{\"@id\":\"https:\/\/asgaardrp.com\/#website\"},\"primaryImageOfPage\":{\"@id\":\"https:\/\/asgaardrp.com\/index.php\/asgaard-gaming-community-fivem\/ansoeg\/#primaryimage\"},\"image\":{\"@id\":\"https:\/\/asgaardrp.com\/index.php\/asgaard-gaming-community-fivem\/ansoeg\/#primaryimage\"},\"thumbnailUrl\":\"https:\/\/asgaardrp.com\/wp-content\/uploads\/2021\/08\/fw7CRRzTJ9rr8jY8kYtJ.jpg\",\"datePublished\":\"2021-08-30T02:45:44+00:00\",\"dateModified\":\"2024-04-14T10:51:09+00:00\",\"breadcrumb\":{\"@id\":\"https:\/\/asgaardrp.com\/index.php\/asgaard-gaming-community-fivem\/ansoeg\/#breadcrumb\"},\"inLanguage\":\"da-DK\",\"potentialAction\":[{\"@type\":\"ReadAction\",\"target\":[\"https:\/\/asgaardrp.com\/index.php\/asgaard-gaming-community-fivem\/ansoeg\/\"]}]},{\"@type\":\"ImageObject\",\"inLanguage\":\"da-DK\",\"@id\":\"https:\/\/asgaardrp.com\/index.php\/asgaard-gaming-community-fivem\/ansoeg\/#primaryimage\",\"url\":\"https:\/\/asgaardrp.com\/wp-content\/uploads\/2021\/08\/fw7CRRzTJ9rr8jY8kYtJ.jpg\",\"contentUrl\":\"https:\/\/asgaardrp.com\/wp-content\/uploads\/2021\/08\/fw7CRRzTJ9rr8jY8kYtJ.jpg\",\"width\":800,\"height\":600},{\"@type\":\"BreadcrumbList\",\"@id\":\"https:\/\/asgaardrp.com\/index.php\/asgaard-gaming-community-fivem\/ansoeg\/#breadcrumb\",\"itemListElement\":[{\"@type\":\"ListItem\",\"position\":1,\"name\":\"Hjem\",\"item\":\"https:\/\/asgaardrp.com\/\"},{\"@type\":\"ListItem\",\"position\":2,\"name\":\"FiveM\",\"item\":\"https:\/\/asgaardrp.com\/index.php\/asgaard-gaming-community-fivem\/\"},{\"@type\":\"ListItem\",\"position\":3,\"name\":\"Ans\u00f8gning til Asgaard&#8217; FiveM server\"}]},{\"@type\":\"WebSite\",\"@id\":\"https:\/\/asgaardrp.com\/#website\",\"url\":\"https:\/\/asgaardrp.com\/\",\"name\":\"Asgaard Gaming Community\",\"description\":\"Velkommen til et f\u00e6llesskab med st\u00e6rkt sammenhold!\",\"publisher\":{\"@id\":\"https:\/\/asgaardrp.com\/#organization\"},\"potentialAction\":[{\"@type\":\"SearchAction\",\"target\":{\"@type\":\"EntryPoint\",\"urlTemplate\":\"https:\/\/asgaardrp.com\/?s={search_term_string}\"},\"query-input\":{\"@type\":\"PropertyValueSpecification\",\"valueRequired\":true,\"valueName\":\"search_term_string\"}}],\"inLanguage\":\"da-DK\"},{\"@type\":\"Organization\",\"@id\":\"https:\/\/asgaardrp.com\/#organization\",\"name\":\"Asgaard Gaming Community\",\"url\":\"https:\/\/asgaardrp.com\/\",\"logo\":{\"@type\":\"ImageObject\",\"inLanguage\":\"da-DK\",\"@id\":\"https:\/\/asgaardrp.com\/#\/schema\/logo\/image\/\",\"url\":\"https:\/\/asgaardrp.com\/wp-content\/uploads\/2021\/08\/cropped-Tri_trans.png\",\"contentUrl\":\"https:\/\/asgaardrp.com\/wp-content\/uploads\/2021\/08\/cropped-Tri_trans.png\",\"width\":500,\"height\":500,\"caption\":\"Asgaard Gaming Community\"},\"image\":{\"@id\":\"https:\/\/asgaardrp.com\/#\/schema\/logo\/image\/\"}}]}<\/script>\n<!-- \/ Yoast SEO plugin. -->","yoast_head_json":{"title":"Ans\u00f8gning til Asgaard' FiveM server - Asgaard Gaming Community","robots":{"index":"index","follow":"follow","max-snippet":"max-snippet:-1","max-image-preview":"max-image-preview:large","max-video-preview":"max-video-preview:-1"},"canonical":"https:\/\/asgaardrp.com\/index.php\/asgaard-gaming-community-fivem\/ansoeg\/","og_locale":"da_DK","og_type":"article","og_title":"Ans\u00f8gning til Asgaard' FiveM server - Asgaard Gaming Community","og_description":"Husk at slutte dig til Discord&#8217;en f\u00f8r du ans\u00f8ger!!! CAD systemet Husk ogs\u00e5 at registrere dig p\u00e5 vores CAD system","og_url":"https:\/\/asgaardrp.com\/index.php\/asgaard-gaming-community-fivem\/ansoeg\/","og_site_name":"Asgaard Gaming Community","article_modified_time":"2024-04-14T10:51:09+00:00","og_image":[{"url":"https:\/\/asgaardrp.com\/wp-content\/uploads\/2021\/08\/fw7CRRzTJ9rr8jY8kYtJ.jpg"}],"twitter_card":"summary_large_image","twitter_misc":{"Estimeret l\u00e6setid":"1 minut"},"schema":{"@context":"https:\/\/schema.org","@graph":[{"@type":"WebPage","@id":"https:\/\/asgaardrp.com\/index.php\/asgaard-gaming-community-fivem\/ansoeg\/","url":"https:\/\/asgaardrp.com\/index.php\/asgaard-gaming-community-fivem\/ansoeg\/","name":"Ans\u00f8gning til Asgaard' FiveM server - Asgaard Gaming Community","isPartOf":{"@id":"https:\/\/asgaardrp.com\/#website"},"primaryImageOfPage":{"@id":"https:\/\/asgaardrp.com\/index.php\/asgaard-gaming-community-fivem\/ansoeg\/#primaryimage"},"image":{"@id":"https:\/\/asgaardrp.com\/index.php\/asgaard-gaming-community-fivem\/ansoeg\/#primaryimage"},"thumbnailUrl":"https:\/\/asgaardrp.com\/wp-content\/uploads\/2021\/08\/fw7CRRzTJ9rr8jY8kYtJ.jpg","datePublished":"2021-08-30T02:45:44+00:00","dateModified":"2024-04-14T10:51:09+00:00","breadcrumb":{"@id":"https:\/\/asgaardrp.com\/index.php\/asgaard-gaming-community-fivem\/ansoeg\/#breadcrumb"},"inLanguage":"da-DK","potentialAction":[{"@type":"ReadAction","target":["https:\/\/asgaardrp.com\/index.php\/asgaard-gaming-community-fivem\/ansoeg\/"]}]},{"@type":"ImageObject","inLanguage":"da-DK","@id":"https:\/\/asgaardrp.com\/index.php\/asgaard-gaming-community-fivem\/ansoeg\/#primaryimage","url":"https:\/\/asgaardrp.com\/wp-content\/uploads\/2021\/08\/fw7CRRzTJ9rr8jY8kYtJ.jpg","contentUrl":"https:\/\/asgaardrp.com\/wp-content\/uploads\/2021\/08\/fw7CRRzTJ9rr8jY8kYtJ.jpg","width":800,"height":600},{"@type":"BreadcrumbList","@id":"https:\/\/asgaardrp.com\/index.php\/asgaard-gaming-community-fivem\/ansoeg\/#breadcrumb","itemListElement":[{"@type":"ListItem","position":1,"name":"Hjem","item":"https:\/\/asgaardrp.com\/"},{"@type":"ListItem","position":2,"name":"FiveM","item":"https:\/\/asgaardrp.com\/index.php\/asgaard-gaming-community-fivem\/"},{"@type":"ListItem","position":3,"name":"Ans\u00f8gning til Asgaard&#8217; FiveM server"}]},{"@type":"WebSite","@id":"https:\/\/asgaardrp.com\/#website","url":"https:\/\/asgaardrp.com\/","name":"Asgaard Gaming Community","description":"Velkommen til et f\u00e6llesskab med st\u00e6rkt sammenhold!","publisher":{"@id":"https:\/\/asgaardrp.com\/#organization"},"potentialAction":[{"@type":"SearchAction","target":{"@type":"EntryPoint","urlTemplate":"https:\/\/asgaardrp.com\/?s={search_term_string}"},"query-input":{"@type":"PropertyValueSpecification","valueRequired":true,"valueName":"search_term_string"}}],"inLanguage":"da-DK"},{"@type":"Organization","@id":"https:\/\/asgaardrp.com\/#organization","name":"Asgaard Gaming Community","url":"https:\/\/asgaardrp.com\/","logo":{"@type":"ImageObject","inLanguage":"da-DK","@id":"https:\/\/asgaardrp.com\/#\/schema\/logo\/image\/","url":"https:\/\/asgaardrp.com\/wp-content\/uploads\/2021\/08\/cropped-Tri_trans.png","contentUrl":"https:\/\/asgaardrp.com\/wp-content\/uploads\/2021\/08\/cropped-Tri_trans.png","width":500,"height":500,"caption":"Asgaard Gaming Community"},"image":{"@id":"https:\/\/asgaardrp.com\/#\/schema\/logo\/image\/"}}]}},"_links":{"self":[{"href":"https:\/\/asgaardrp.com\/index.php\/wp-json\/wp\/v2\/pages\/71","targetHints":{"allow":["GET"]}}],"collection":[{"href":"https:\/\/asgaardrp.com\/index.php\/wp-json\/wp\/v2\/pages"}],"about":[{"href":"https:\/\/asgaardrp.com\/index.php\/wp-json\/wp\/v2\/types\/page"}],"author":[{"embeddable":true,"href":"https:\/\/asgaardrp.com\/index.php\/wp-json\/wp\/v2\/users\/1"}],"replies":[{"embeddable":true,"href":"https:\/\/asgaardrp.com\/index.php\/wp-json\/wp\/v2\/comments?post=71"}],"version-history":[{"count":10,"href":"https:\/\/asgaardrp.com\/index.php\/wp-json\/wp\/v2\/pages\/71\/revisions"}],"predecessor-version":[{"id":215,"href":"https:\/\/asgaardrp.com\/index.php\/wp-json\/wp\/v2\/pages\/71\/revisions\/215"}],"up":[{"embeddable":true,"href":"https:\/\/asgaardrp.com\/index.php\/wp-json\/wp\/v2\/pages\/29"}],"wp:attachment":[{"href":"https:\/\/asgaardrp.com\/index.php\/wp-json\/wp\/v2\/media?parent=71"}],"curies":[{"name":"wp","href":"https:\/\/api.w.org\/{rel}","templated":true}]}}