{"id":57,"date":"2021-08-30T01:09:14","date_gmt":"2021-08-30T01:09:14","guid":{"rendered":"https:\/\/asgaardrp.com\/?page_id=57"},"modified":"2022-03-15T15:47:58","modified_gmt":"2022-03-15T15:47:58","slug":"faellesskabs-regler","status":"publish","type":"page","link":"https:\/\/asgaardrp.com\/index.php\/asgaard-faellesskabet\/faellesskabs-regler\/","title":{"rendered":"Regler for medlemskab i f\u00e6llesskabet"},"content":{"rendered":"\n<h2 class=\"wp-block-heading\"><strong>Om Asgaard<\/strong><\/h2>\n\n\n\n<p>(har du oversat siden til engelsk kan du ved, at markere teksten f\u00e5 det l\u00e6st op, ved at trykke p\u00e5 det bl\u00e5 h\u00f8jtaler ikon der kommer frem)<\/p>\n\n\n\n<button id=\"bb1\" type=\"button\" value=\"Play\" class=\"responsivevoice-button\" title=\"ResponsiveVoice Tap to Start\/Stop Speech\"><span>&#128266; Ordblind? Tryk her(kun dansk)<\/span><\/button>\n        <script>\n            bb1.onclick = function(){\n                if(responsiveVoice.isPlaying()){\n                    responsiveVoice.cancel();\n                }else{\n                    responsiveVoice.speak(\"Asgaard er et nordisk computerspils f\u00e6llesskab der er vokset op, omkring vores FiveM-rollespilsserver, og er siden blevet udvidet til ogs\u00e5 at indbefatte andre spil end FiveM. Som mange andre online f\u00e6llesskaber er vi n\u00f8dt til, at have en r\u00e6kke regler og retningslinjer. Vi pr\u00f8vede oprindeligt at k\u00f8rer f\u00e6llesskabet uden for mange regler, men dette blev ved med at g\u00e5 galt. Betingelserne for at v\u00e6re en del af Asgaard er at du forst\u00e5r og respektere reglerne; det er fint hvis du kan finde huller og komme med forslag til forbedringer, s\u00e5 l\u00e6nge dette sker p\u00e5 en fornuftig m\u00e5de. L\u00e6s reglerne grundigt igennem inden du begynder for alvor at deltage i f\u00e6llesskabet.\", \"Danish Female\", {\"rate\":\"0.9\"});\n                }\n            };\n        <\/script>\n    <br>Asgaard er et nordisk computerspils f\u00e6llesskab der er vokset op, omkring vores FiveM-rollespilsserver, og er siden blevet udvidet til ogs\u00e5 at indbefatte andre spil end FiveM. Som mange andre online f\u00e6llesskaber er vi n\u00f8dt til, at have en r\u00e6kke regler og retningslinjer. <\/p>\n\n\n\n<p>Vi pr\u00f8vede oprindeligt at k\u00f8rer f\u00e6llesskabet uden for mange regler, men dette blev ved med at g\u00e5 galt. Betingelserne for at v\u00e6re en del af Asgaard er at du forst\u00e5r og respektere reglerne; det er fint hvis du kan finde huller og komme med forslag til forbedringer, s\u00e5 l\u00e6nge dette sker p\u00e5 en fornuftig m\u00e5de. <\/p>\n\n\n\n<p><br><em><strong>L\u00e6s reglerne grundigt igennem inden du begynder for alvor at deltage i f\u00e6llesskabet. <\/strong><\/em>\n\n\n\n<h3 class=\"wp-block-heading\"><strong>Generelle regler<\/strong><\/h3>\n\n\n\n<button id=\"bb2\" type=\"button\" value=\"Play\" class=\"responsivevoice-button\" title=\"ResponsiveVoice Tap to Start\/Stop Speech\"><span>&#128266; Ordblind? Tryk her<\/span><\/button>\n        <script>\n            bb2.onclick = function(){\n                if(responsiveVoice.isPlaying()){\n                    responsiveVoice.cancel();\n                }else{\n                    responsiveVoice.speak(\"Disse regler g\u00e6lder for hele Asgaard, og alle spil der spilles gennem Asgaard.\", \"Danish Female\", {\"rate\":\"0.9\"});\n                }\n            };\n        <\/script>\n    <\/p>\n\n\n\n<p>Disse regler g\u00e6lder for hele Asgaard, og alle spil der spilles gennem Asgaard.  \n\n\n\n<h3 class=\"wp-block-heading\"><button id=\"bb3\" type=\"button\" value=\"Play\" class=\"responsivevoice-button\" title=\"ResponsiveVoice Tap to Start\/Stop Speech\"><span>&#128266; Ordblind? Tryk her(kun dansk)<\/span><\/button>\n        <script>\n            bb3.onclick = function(){\n                if(responsiveVoice.isPlaying()){\n                    responsiveVoice.cancel();\n                }else{\n                    responsiveVoice.speak(\"1. INGEN ST\u00d8DENDE ADF\u00c6RD OG HOLD DEN GODE TONE! Du skal opf\u00f8re dig p\u00e6nt og tale p\u00e6nt, til andre medlemmer. Det er ikke tilladt at svine andre medlemmer til eller lave ukonstruktive anklager. Hvis der er nogen du mener opf\u00f8rer sig dumt eller upassende, s\u00e5 skriv til Ledelsen s\u00e5 snakker vi med personen. Moderat m\u00e6ngde af bandeord er tilladt, men vi frar\u00e5der det og opfordre folk til at vise omtanke. Hvis dit brugernavn er upassende vil du blive bedt om at \u00e6ndre det.\", \"Danish Female\", {\"rate\":\"0.9\"});\n                }\n            };\n        <\/script>\n    1. INGEN ST\u00d8DENDE ADF\u00c6RD OG HOLD DEN GODE TONE!<\/h3>\n\n\n\n<p><em>Du skal opf\u00f8re dig p\u00e6nt og tale p\u00e6nt, til andre medlemmer. Det er ikke tilladt at svine andre medlemmer til eller lave ukonstruktive anklager. Hvis der er nogen du mener opf\u00f8rer sig dumt eller upassende, s\u00e5 skriv til Ledelsen s\u00e5 snakker vi med personen.<\/em><\/p>\n\n\n\n<p><em>Moderat m\u00e6ngde af bandeord er tilladt, men vi frar\u00e5der det og opfordre folk til at vise omtanke. Hvis dit brugernavn er upassende vil du blive bedt om at \u00e6ndre det<\/em>.   <\/p>\n\n\n\n<h3 class=\"wp-block-heading\"><button id=\"bb4\" type=\"button\" value=\"Play\" class=\"responsivevoice-button\" title=\"ResponsiveVoice Tap to Start\/Stop Speech\"><span>&#128266; Ordblind? Tryk her(kun dansk)<\/span><\/button>\n        <script>\n            bb4.onclick = function(){\n                if(responsiveVoice.isPlaying()){\n                    responsiveVoice.cancel();\n                }else{\n                    responsiveVoice.speak(\"2. INGEN REKLAMERING ELLER PROMOVERING UDEN TILLADELSE! Det er i orden at dele YouTube videoer og links til ting du finder sjove, seje, eller interessante, men hvis det er noget du selv, nogen du kender, eller et andet medlem af Asgaard opn\u00e5r noget p\u00e5 flere mennesker ser, s\u00e5 snak lige med Ledelsen om det er i orden. Hvis du streamer Asgaard spil p\u00e5 Twitch eller lignende, s\u00e5 snak med Ledelsen s\u00e5 vi kan f\u00e5 sat dig p\u00e5 som streamer.\", \"Danish Female\", {\"rate\":\"0.9\"});\n                }\n            };\n        <\/script>\n    2. INGEN REKLAMERING ELLER PROMOVERING UDEN TILLADELSE!<\/h3>\n\n\n\n<p><em>Det er i orden at dele YouTube videoer og links til ting du finder sjove, seje, eller interessante, men hvis det er noget du selv, nogen du kender, eller et andet medlem af Asgaard opn\u00e5r noget p\u00e5 flere mennesker ser, s\u00e5 snak lige med Ledelsen om det er i orden.<\/em> <\/p>\n\n\n\n<p><em>Hvis du streamer Asgaard spil p\u00e5 Twitch eller lignende, s\u00e5 snak med Ledelsen s\u00e5 vi kan f\u00e5 sat dig p\u00e5 som streamer.<\/em>   <\/p>\n\n\n\n<h3 class=\"wp-block-heading\"><button id=\"bb5\" type=\"button\" value=\"Play\" class=\"responsivevoice-button\" title=\"ResponsiveVoice Tap to Start\/Stop Speech\"><span>&#128266; Ordblind? Tryk her(kun dansk)<\/span><\/button>\n        <script>\n            bb5.onclick = function(){\n                if(responsiveVoice.isPlaying()){\n                    responsiveVoice.cancel();\n                }else{\n                    responsiveVoice.speak(\"3. UNDG\u00c5 POLITIK, RELIGION, OG LIGNENDE! Der er mange fora p\u00e5 internettet hvor disse emner kan diskuteres, Asgaard er ikke s\u00e5dan et fora. Asgaard er et f\u00e6llesskab med fokus p\u00e5 hygge og sammenhold, ikke et forum for seri\u00f8se emner. Det er dog i orden at havde politiske eller religi\u00f8se holdninger, s\u00e5 l\u00e6nge du kan finde ud af at l\u00e6gge dem v\u00e6k og ikke lader dine holdninger g\u00e5 ud over andre. Hvis du mener der er andre der har holdninger der g\u00e5r ud over dig, s\u00e5 kontakt Ledelsen s\u00e5 kan vi vurderer sagen.\", \"Danish Female\", {\"rate\":\"0.9\"});\n                }\n            };\n        <\/script>\n    3. UNDG\u00c5 POLITIK, RELIGION, OG LIGNENDE!<\/h3>\n\n\n\n<p><em>Der er mange fora p\u00e5 internettet hvor disse emner kan diskuteres, Asgaard er ikke s\u00e5dan et fora. <\/em><\/p>\n\n\n\n<p><em>Asgaard er et f\u00e6llesskab med fokus p\u00e5 hygge og sammenhold, ikke et forum for seri\u00f8se emner.<\/em> <\/p>\n\n\n\n<p><em>Det er dog i orden at havde politiske eller religi\u00f8se holdninger, s\u00e5 l\u00e6nge du kan finde ud af at l\u00e6gge dem v\u00e6k og ikke lader dine holdninger g\u00e5 ud over andre. Hvis du mener der er andre der har holdninger der g\u00e5r ud over dig, s\u00e5 kontakt Ledelsen s\u00e5 kan vi vurderer sagen<\/em>.  <\/p>\n\n\n\n<h3 class=\"wp-block-heading\"><button id=\"bb6\" type=\"button\" value=\"Play\" class=\"responsivevoice-button\" title=\"ResponsiveVoice Tap to Start\/Stop Speech\"><span>&#128266; Ordblind? Tryk her (kun dansk) <\/span><\/button>\n        <script>\n            bb6.onclick = function(){\n                if(responsiveVoice.isPlaying()){\n                    responsiveVoice.cancel();\n                }else{\n                    responsiveVoice.speak(\"4. ASGAARD F\u00c6LLESSKABET ER \u00c5BENT FOR ALLE! Alle kan joine vores gaming f\u00e6llesskab! https:\/\/discord.gg\/mxYbvGE8j4\", \"Danish Female\", {\"rate\":\"0.9\"});\n                }\n            };\n        <\/script>\n    4. ASGAARD F\u00c6LLESSKABET ER \u00c5BENT FOR ALLE!<\/h3>\n\n\n\n<p>Alle kan joine vores gaming f\u00e6llesskab! <br>https:\/\/discord.gg\/mxYbvGE8j4<br>  <\/p>\n\n\n\n<h3 class=\"wp-block-heading\"><button id=\"bb7\" type=\"button\" value=\"Play\" class=\"responsivevoice-button\" title=\"ResponsiveVoice Tap to Start\/Stop Speech\"><span>&#128266; Ordblind? Tryk her (kun dansk) <\/span><\/button>\n        <script>\n            bb7.onclick = function(){\n                if(responsiveVoice.isPlaying()){\n                    responsiveVoice.cancel();\n                }else{\n                    responsiveVoice.speak(\"5. ASGAARD FIVEM SERVER ER 16+!(KUN FIVEM) Aldersgr\u00e6nsen for at blive medlem af Asgaard\\' Fivem server er 16 \u00e5r,Aldersgr\u00e6nsen har f\u00f8rhen v\u00e6ret s\u00e5 lav som 14+, men Ledelsen oplevede, at de fleste medlemmer der var under 16 ikke var modne nok til at burde deltage. P\u00e5 grund af tidligere aldersgr\u00e6nser har vi dog enkelte medlemmer som ikke er 16, de har f\u00e5et lov til at blive grundet god opf\u00f8rsel.\", \"Danish Female\", {\"rate\":\"0.9\"});\n                }\n            };\n        <\/script>\n    5. ASGAARD FIVEM SERVER ER 16+!(KUN FIVEM)<\/h3>\n\n\n\n<p><em>Aldersgr\u00e6nsen for at blive medlem af Asgaard&#8217; Fivem server er 16 \u00e5r,Aldersgr\u00e6nsen har f\u00f8rhen v\u00e6ret s\u00e5 lav som 14+, men Ledelsen oplevede, at de fleste medlemmer der var under 16 ikke var modne nok til at burde deltage.<\/em> <\/p>\n\n\n\n<p><em>P\u00e5 grund af tidligere aldersgr\u00e6nser har vi dog enkelte medlemmer som ikke er 16, de har f\u00e5et lov til at blive grundet god opf\u00f8rsel.<\/em>   <\/p>\n\n\n\n<h3 class=\"wp-block-heading\"><button id=\"bb8\" type=\"button\" value=\"Play\" class=\"responsivevoice-button\" title=\"ResponsiveVoice Tap to Start\/Stop Speech\"><span>&#128266; Ordblind? Tryk her(kun dansk)<\/span><\/button>\n        <script>\n            bb8.onclick = function(){\n                if(responsiveVoice.isPlaying()){\n                    responsiveVoice.cancel();\n                }else{\n                    responsiveVoice.speak(\"6. SKRIV P\u00c5 \u201cSKANDINAVISK\u201d ELLER ENGELSK! For at Ledelsen kan sikre sig at folk overholder reglerne, er vi n\u00f8dt til at kunne forst\u00e5 hvad der bliver sagt og skrevet. Derfor tillader vi kun brugen af f\u00f8lgende sprog: dansk, norsk, svensk, og engelsk. Reglerne er kun skrevet p\u00e5 dansk og engelsk da det er dette som Ledelsen p.t. taler. Under rollespil m\u00e5 dine karakterer godt tale andre sprog end disse, men dine karakterer taler og forst\u00e5r ogs\u00e5 et skandinavisk (dansk\/norsk\/svensk) sprog eller engelsk.\", \"Danish Female\", {\"rate\":\"0.9\"});\n                }\n            };\n        <\/script>\n    6. SKRIV P\u00c5 \u201cSKANDINAVISK\u201d ELLER ENGELSK!<\/h3>\n\n\n\n<p><em>For at Ledelsen kan sikre sig at folk overholder reglerne, er vi n\u00f8dt til at kunne forst\u00e5 hvad der bliver sagt og skrevet. Derfor tillader vi kun brugen af f\u00f8lgende sprog: dansk, norsk, svensk, og engelsk. <\/em><\/p>\n\n\n\n<p><em>Reglerne er kun skrevet p\u00e5 dansk og engelsk da det er dette som Ledelsen p.t. taler.<\/em> <\/p>\n\n\n\n<p><em>Under rollespil m\u00e5 dine karakterer godt tale andre sprog end disse, men dine karakterer taler og forst\u00e5r ogs\u00e5 et skandinavisk (dansk\/norsk\/svensk) sprog eller engelsk.<\/em>   <\/p>\n\n\n\n<h3 class=\"wp-block-heading\"><button id=\"bb9\" type=\"button\" value=\"Play\" class=\"responsivevoice-button\" title=\"ResponsiveVoice Tap to Start\/Stop Speech\"><span>&#128266; Ordblind? Tryk her(kun dansk)<\/span><\/button>\n        <script>\n            bb9.onclick = function(){\n                if(responsiveVoice.isPlaying()){\n                    responsiveVoice.cancel();\n                }else{\n                    responsiveVoice.speak(\"7. DET KR\u00c6VES DU ER AKTIV P\u00c5 DISCORD OG HAR SAMME BRUGERNAVN!(KUN FIVEM) N\u00e5r vi spiller et spil sammen - is\u00e6r FiveM - kr\u00e6ves det at du sidder inde p\u00e5 Discordens voice chats. Hvis du hverken har v\u00e6ret aktiv p\u00e5 Discord eller v\u00e6ret med til at spille i tre m\u00e5neder risikerer du, at blive smidt ud af serveren, du kan dog s\u00f8ge om at komme ind igen lige efter. Hvis du st\u00e5r i en situation hvor du p\u00e5 forh\u00e5nd ved det bliver sv\u00e6rt at v\u00e6re aktiv i en l\u00e6ngere periode, s\u00e5 skriv til Ledelsen.\", \"Danish Female\", {\"rate\":\"0.9\"});\n                }\n            };\n        <\/script>\n    7. DET KR\u00c6VES DU ER AKTIV P\u00c5 DISCORD OG HAR SAMME BRUGERNAVN!(KUN FIVEM)<\/h3>\n\n\n\n<p><em>N\u00e5r vi spiller et spil sammen &#8211; is\u00e6r FiveM &#8211; kr\u00e6ves det at du sidder inde p\u00e5 Discordens voice chats.<\/em> <\/p>\n\n\n\n<p><em>Hvis du hverken har v\u00e6ret aktiv p\u00e5 Discord eller v\u00e6ret med til at spille i tre m\u00e5neder risikerer du, at blive smidt ud af serveren, du kan dog s\u00f8ge om at komme ind igen lige efter.<\/em> <\/p>\n\n\n\n<p><em>Hvis du st\u00e5r i en situation hvor du p\u00e5 forh\u00e5nd ved det bliver sv\u00e6rt at v\u00e6re aktiv i en l\u00e6ngere periode, s\u00e5 skriv til Ledelsen.<\/em>    <\/p>\n\n\n\n<h3 class=\"wp-block-heading\"><button id=\"bb10\" type=\"button\" value=\"Play\" class=\"responsivevoice-button\" title=\"ResponsiveVoice Tap to Start\/Stop Speech\"><span>&#128266; Ordblind? Tryk her(kun dansk)<\/span><\/button>\n        <script>\n            bb10.onclick = function(){\n                if(responsiveVoice.isPlaying()){\n                    responsiveVoice.cancel();\n                }else{\n                    responsiveVoice.speak(\"8. HUSK BEVISER HVIS DU VIL ANKLAGE NOGEN FOR NOGET! Begrebet \u201cuskyldig indtil det modsatte er bevist\u201d er g\u00e6ldende p\u00e5 Asgaard, n\u00e5r du ser nogen bryder reglerne s\u00e5 s\u00f8rg for at havde det optaget eller tag et screenshot. Hvis det er noget der sker p\u00e5 Discord, s\u00e5 tag et screenshot og skriv @Admin eller @Super Moderator i et svar til det.\", \"Danish Female\", {\"rate\":\"0.9\"});\n                }\n            };\n        <\/script>\n    8. HUSK BEVISER HVIS DU VIL ANKLAGE NOGEN FOR NOGET!<\/h3>\n\n\n\n<p><em>Begrebet \u201cuskyldig indtil det modsatte er bevist\u201d er g\u00e6ldende p\u00e5 Asgaard, n\u00e5r du ser nogen bryder reglerne s\u00e5 s\u00f8rg for at havde det optaget eller tag et screenshot. <\/em><\/p>\n\n\n\n<p><em>Hvis det er noget der sker p\u00e5 Discord, s\u00e5 tag et screenshot og skriv @Admin eller @Super Moderator i et svar til det.<\/em>   <\/p>\n","protected":false},"excerpt":{"rendered":"<p>Om Asgaard (har du oversat siden til engelsk kan du ved, at markere teksten f\u00e5 det l\u00e6st op, ved at trykke p\u00e5 det bl\u00e5 h\u00f8jtaler ikon der kommer frem) Generelle regler<\/p>\n","protected":false},"author":1,"featured_media":0,"parent":51,"menu_order":0,"comment_status":"closed","ping_status":"closed","template":"","meta":{"footnotes":""},"class_list":["post-57","page","type-page","status-publish","hentry"],"yoast_head":"<!-- This site is optimized with the Yoast SEO plugin v23.4 - https:\/\/yoast.com\/wordpress\/plugins\/seo\/ -->\n<title>Regler for medlemskab i f\u00e6llesskabet - Asgaard Gaming Community<\/title>\n<meta name=\"description\" content=\"Asgaard Gaming Community Regler for medlemskab i f\u00e6llesskabet - L\u00e6s og forst\u00e5 reglerne! Er der sp\u00f8rgsm\u00e5l kontakt teamet!\" \/>\n<meta name=\"robots\" content=\"index, follow, max-snippet:-1, max-image-preview:large, max-video-preview:-1\" \/>\n<link rel=\"canonical\" href=\"https:\/\/asgaardrp.com\/index.php\/asgaard-faellesskabet\/faellesskabs-regler\/\" \/>\n<meta property=\"og:locale\" content=\"da_DK\" \/>\n<meta property=\"og:type\" content=\"article\" \/>\n<meta property=\"og:title\" content=\"Regler for medlemskab i f\u00e6llesskabet - Asgaard Gaming Community\" \/>\n<meta property=\"og:description\" content=\"Asgaard Gaming Community Regler for medlemskab i f\u00e6llesskabet - L\u00e6s og forst\u00e5 reglerne! Er der sp\u00f8rgsm\u00e5l kontakt teamet!\" \/>\n<meta property=\"og:url\" content=\"https:\/\/asgaardrp.com\/index.php\/asgaard-faellesskabet\/faellesskabs-regler\/\" \/>\n<meta property=\"og:site_name\" content=\"Asgaard Gaming Community\" \/>\n<meta property=\"article:modified_time\" content=\"2022-03-15T15:47:58+00:00\" \/>\n<meta name=\"twitter:card\" content=\"summary_large_image\" \/>\n<meta name=\"twitter:label1\" content=\"Estimeret l\u00e6setid\" \/>\n\t<meta name=\"twitter:data1\" content=\"4 minutter\" \/>\n<script type=\"application\/ld+json\" class=\"yoast-schema-graph\">{\"@context\":\"https:\/\/schema.org\",\"@graph\":[{\"@type\":\"WebPage\",\"@id\":\"https:\/\/asgaardrp.com\/index.php\/asgaard-faellesskabet\/faellesskabs-regler\/\",\"url\":\"https:\/\/asgaardrp.com\/index.php\/asgaard-faellesskabet\/faellesskabs-regler\/\",\"name\":\"Regler for medlemskab i f\u00e6llesskabet - Asgaard Gaming Community\",\"isPartOf\":{\"@id\":\"https:\/\/asgaardrp.com\/#website\"},\"datePublished\":\"2021-08-30T01:09:14+00:00\",\"dateModified\":\"2022-03-15T15:47:58+00:00\",\"description\":\"Asgaard Gaming Community Regler for medlemskab i f\u00e6llesskabet - L\u00e6s og forst\u00e5 reglerne! Er der sp\u00f8rgsm\u00e5l kontakt teamet!\",\"breadcrumb\":{\"@id\":\"https:\/\/asgaardrp.com\/index.php\/asgaard-faellesskabet\/faellesskabs-regler\/#breadcrumb\"},\"inLanguage\":\"da-DK\",\"potentialAction\":[{\"@type\":\"ReadAction\",\"target\":[\"https:\/\/asgaardrp.com\/index.php\/asgaard-faellesskabet\/faellesskabs-regler\/\"]}]},{\"@type\":\"BreadcrumbList\",\"@id\":\"https:\/\/asgaardrp.com\/index.php\/asgaard-faellesskabet\/faellesskabs-regler\/#breadcrumb\",\"itemListElement\":[{\"@type\":\"ListItem\",\"position\":1,\"name\":\"Hjem\",\"item\":\"https:\/\/asgaardrp.com\/\"},{\"@type\":\"ListItem\",\"position\":2,\"name\":\"Asgaard F\u00e6llesskabet\",\"item\":\"https:\/\/asgaardrp.com\/index.php\/asgaard-faellesskabet\/\"},{\"@type\":\"ListItem\",\"position\":3,\"name\":\"Regler for medlemskab i f\u00e6llesskabet\"}]},{\"@type\":\"WebSite\",\"@id\":\"https:\/\/asgaardrp.com\/#website\",\"url\":\"https:\/\/asgaardrp.com\/\",\"name\":\"Asgaard Gaming Community\",\"description\":\"Velkommen til et f\u00e6llesskab med st\u00e6rkt sammenhold!\",\"publisher\":{\"@id\":\"https:\/\/asgaardrp.com\/#organization\"},\"potentialAction\":[{\"@type\":\"SearchAction\",\"target\":{\"@type\":\"EntryPoint\",\"urlTemplate\":\"https:\/\/asgaardrp.com\/?s={search_term_string}\"},\"query-input\":{\"@type\":\"PropertyValueSpecification\",\"valueRequired\":true,\"valueName\":\"search_term_string\"}}],\"inLanguage\":\"da-DK\"},{\"@type\":\"Organization\",\"@id\":\"https:\/\/asgaardrp.com\/#organization\",\"name\":\"Asgaard Gaming Community\",\"url\":\"https:\/\/asgaardrp.com\/\",\"logo\":{\"@type\":\"ImageObject\",\"inLanguage\":\"da-DK\",\"@id\":\"https:\/\/asgaardrp.com\/#\/schema\/logo\/image\/\",\"url\":\"https:\/\/asgaardrp.com\/wp-content\/uploads\/2021\/08\/cropped-Tri_trans.png\",\"contentUrl\":\"https:\/\/asgaardrp.com\/wp-content\/uploads\/2021\/08\/cropped-Tri_trans.png\",\"width\":500,\"height\":500,\"caption\":\"Asgaard Gaming Community\"},\"image\":{\"@id\":\"https:\/\/asgaardrp.com\/#\/schema\/logo\/image\/\"}}]}<\/script>\n<!-- \/ Yoast SEO plugin. -->","yoast_head_json":{"title":"Regler for medlemskab i f\u00e6llesskabet - Asgaard Gaming Community","description":"Asgaard Gaming Community Regler for medlemskab i f\u00e6llesskabet - L\u00e6s og forst\u00e5 reglerne! Er der sp\u00f8rgsm\u00e5l kontakt teamet!","robots":{"index":"index","follow":"follow","max-snippet":"max-snippet:-1","max-image-preview":"max-image-preview:large","max-video-preview":"max-video-preview:-1"},"canonical":"https:\/\/asgaardrp.com\/index.php\/asgaard-faellesskabet\/faellesskabs-regler\/","og_locale":"da_DK","og_type":"article","og_title":"Regler for medlemskab i f\u00e6llesskabet - Asgaard Gaming Community","og_description":"Asgaard Gaming Community Regler for medlemskab i f\u00e6llesskabet - L\u00e6s og forst\u00e5 reglerne! Er der sp\u00f8rgsm\u00e5l kontakt teamet!","og_url":"https:\/\/asgaardrp.com\/index.php\/asgaard-faellesskabet\/faellesskabs-regler\/","og_site_name":"Asgaard Gaming Community","article_modified_time":"2022-03-15T15:47:58+00:00","twitter_card":"summary_large_image","twitter_misc":{"Estimeret l\u00e6setid":"4 minutter"},"schema":{"@context":"https:\/\/schema.org","@graph":[{"@type":"WebPage","@id":"https:\/\/asgaardrp.com\/index.php\/asgaard-faellesskabet\/faellesskabs-regler\/","url":"https:\/\/asgaardrp.com\/index.php\/asgaard-faellesskabet\/faellesskabs-regler\/","name":"Regler for medlemskab i f\u00e6llesskabet - Asgaard Gaming Community","isPartOf":{"@id":"https:\/\/asgaardrp.com\/#website"},"datePublished":"2021-08-30T01:09:14+00:00","dateModified":"2022-03-15T15:47:58+00:00","description":"Asgaard Gaming Community Regler for medlemskab i f\u00e6llesskabet - L\u00e6s og forst\u00e5 reglerne! Er der sp\u00f8rgsm\u00e5l kontakt teamet!","breadcrumb":{"@id":"https:\/\/asgaardrp.com\/index.php\/asgaard-faellesskabet\/faellesskabs-regler\/#breadcrumb"},"inLanguage":"da-DK","potentialAction":[{"@type":"ReadAction","target":["https:\/\/asgaardrp.com\/index.php\/asgaard-faellesskabet\/faellesskabs-regler\/"]}]},{"@type":"BreadcrumbList","@id":"https:\/\/asgaardrp.com\/index.php\/asgaard-faellesskabet\/faellesskabs-regler\/#breadcrumb","itemListElement":[{"@type":"ListItem","position":1,"name":"Hjem","item":"https:\/\/asgaardrp.com\/"},{"@type":"ListItem","position":2,"name":"Asgaard F\u00e6llesskabet","item":"https:\/\/asgaardrp.com\/index.php\/asgaard-faellesskabet\/"},{"@type":"ListItem","position":3,"name":"Regler for medlemskab i f\u00e6llesskabet"}]},{"@type":"WebSite","@id":"https:\/\/asgaardrp.com\/#website","url":"https:\/\/asgaardrp.com\/","name":"Asgaard Gaming Community","description":"Velkommen til et f\u00e6llesskab med st\u00e6rkt sammenhold!","publisher":{"@id":"https:\/\/asgaardrp.com\/#organization"},"potentialAction":[{"@type":"SearchAction","target":{"@type":"EntryPoint","urlTemplate":"https:\/\/asgaardrp.com\/?s={search_term_string}"},"query-input":{"@type":"PropertyValueSpecification","valueRequired":true,"valueName":"search_term_string"}}],"inLanguage":"da-DK"},{"@type":"Organization","@id":"https:\/\/asgaardrp.com\/#organization","name":"Asgaard Gaming Community","url":"https:\/\/asgaardrp.com\/","logo":{"@type":"ImageObject","inLanguage":"da-DK","@id":"https:\/\/asgaardrp.com\/#\/schema\/logo\/image\/","url":"https:\/\/asgaardrp.com\/wp-content\/uploads\/2021\/08\/cropped-Tri_trans.png","contentUrl":"https:\/\/asgaardrp.com\/wp-content\/uploads\/2021\/08\/cropped-Tri_trans.png","width":500,"height":500,"caption":"Asgaard Gaming Community"},"image":{"@id":"https:\/\/asgaardrp.com\/#\/schema\/logo\/image\/"}}]}},"_links":{"self":[{"href":"https:\/\/asgaardrp.com\/index.php\/wp-json\/wp\/v2\/pages\/57","targetHints":{"allow":["GET"]}}],"collection":[{"href":"https:\/\/asgaardrp.com\/index.php\/wp-json\/wp\/v2\/pages"}],"about":[{"href":"https:\/\/asgaardrp.com\/index.php\/wp-json\/wp\/v2\/types\/page"}],"author":[{"embeddable":true,"href":"https:\/\/asgaardrp.com\/index.php\/wp-json\/wp\/v2\/users\/1"}],"replies":[{"embeddable":true,"href":"https:\/\/asgaardrp.com\/index.php\/wp-json\/wp\/v2\/comments?post=57"}],"version-history":[{"count":23,"href":"https:\/\/asgaardrp.com\/index.php\/wp-json\/wp\/v2\/pages\/57\/revisions"}],"predecessor-version":[{"id":180,"href":"https:\/\/asgaardrp.com\/index.php\/wp-json\/wp\/v2\/pages\/57\/revisions\/180"}],"up":[{"embeddable":true,"href":"https:\/\/asgaardrp.com\/index.php\/wp-json\/wp\/v2\/pages\/51"}],"wp:attachment":[{"href":"https:\/\/asgaardrp.com\/index.php\/wp-json\/wp\/v2\/media?parent=57"}],"curies":[{"name":"wp","href":"https:\/\/api.w.org\/{rel}","templated":true}]}}