{"id":45,"date":"2021-08-30T00:08:59","date_gmt":"2021-08-30T00:08:59","guid":{"rendered":"https:\/\/asgaardrp.com\/?page_id=45"},"modified":"2021-08-30T00:09:00","modified_gmt":"2021-08-30T00:09:00","slug":"regler-for-politiet","status":"publish","type":"page","link":"https:\/\/asgaardrp.com\/index.php\/asgaard-gaming-community-fivem\/regler-for-politiet\/","title":{"rendered":"Regler for politiet"},"content":{"rendered":"\n<ol class=\"wp-block-list\"><li>DU SKAL V\u00c6RE TIL R\u00c5DIGHED SOM BETJENT, DEN F\u00d8RSTE M\u00c5NED DU ER MEDLEM AF ASGAARDS FIVEM SERVER!<\/li><li>BETJENTE M\u00c5 IKKE, DELTAGE I KORRUPTION!<\/li><li>BETJENTE SKAL RESPEKTERE, BORGERNES RETTIGHEDER!<\/li><li>BETJENTE SKAL UNDG\u00c5, AT ESKALERER SITUATIONEN!<\/li><li>BETJENTE SKAL V\u00c6RE ET GODT EKSEMPEL, FOR PASSENDE ROLLESPIL OG ADF\u00c6RD!<\/li><li>BETJENTE M\u00c5 SOM UDGANGS PUNKT, IKKE SKYDE FRA DERES POLITIBIL!<\/li><li>BETJENTE M\u00c5 IKKE, BRUGE DERES BILER SOM V\u00c5BEN!<\/li><li>ALLE PIT MAN\u00d8VRE SKAL FORH\u00c5NDSGODKENDES, HOS POLITI CHEF!<\/li><li>HUSK BETYDNINGEN, AF \u201cSERVE AND PROTECT\u201d!<\/li><\/ol>\n","protected":false},"excerpt":{"rendered":"<p>DU SKAL V\u00c6RE TIL R\u00c5DIGHED SOM BETJENT, DEN F\u00d8RSTE M\u00c5NED DU ER MEDLEM AF ASGAARDS FIVEM SERVER! BETJENTE M\u00c5 IKKE, DELTAGE I KORRUPTION! BETJENTE SKAL RESPEKTERE, BORGERNES RETTIGHEDER! BETJENTE SKAL UNDG\u00c5, AT ESKALERER SITUATIONEN! BETJENTE SKAL V\u00c6RE ET GODT EKSEMPEL, FOR PASSENDE ROLLESPIL OG ADF\u00c6RD! BETJENTE M\u00c5 SOM UDGANGS PUNKT, IKKE SKYDE FRA DERES POLITIBIL! [&hellip;]<\/p>\n","protected":false},"author":1,"featured_media":0,"parent":29,"menu_order":4,"comment_status":"closed","ping_status":"closed","template":"","meta":{"footnotes":""},"class_list":["post-45","page","type-page","status-publish","hentry"],"yoast_head":"<!-- This site is optimized with the Yoast SEO plugin v23.4 - https:\/\/yoast.com\/wordpress\/plugins\/seo\/ -->\n<title>Regler for politiet - Asgaard Gaming Community Regler for politiet<\/title>\n<meta name=\"description\" content=\"Asgaard Gaming Community Regler for politiet - Her er reglerne for Asgaard&#039; politi styrke. Er der sp\u00f8rgsm\u00e5l hiv fat i teamet\" \/>\n<meta name=\"robots\" content=\"index, follow, max-snippet:-1, max-image-preview:large, max-video-preview:-1\" \/>\n<link rel=\"canonical\" href=\"https:\/\/asgaardrp.com\/index.php\/asgaard-gaming-community-fivem\/regler-for-politiet\/\" \/>\n<meta property=\"og:locale\" content=\"da_DK\" \/>\n<meta property=\"og:type\" content=\"article\" \/>\n<meta property=\"og:title\" content=\"Regler for politiet - Asgaard Gaming Community Regler for politiet\" \/>\n<meta property=\"og:description\" content=\"Asgaard Gaming Community Regler for politiet - Her er reglerne for Asgaard&#039; politi styrke. Er der sp\u00f8rgsm\u00e5l hiv fat i teamet\" \/>\n<meta property=\"og:url\" content=\"https:\/\/asgaardrp.com\/index.php\/asgaard-gaming-community-fivem\/regler-for-politiet\/\" \/>\n<meta property=\"og:site_name\" content=\"Asgaard Gaming Community\" \/>\n<meta property=\"article:modified_time\" content=\"2021-08-30T00:09:00+00:00\" \/>\n<meta name=\"twitter:card\" content=\"summary_large_image\" \/>\n<meta name=\"twitter:label1\" content=\"Estimeret l\u00e6setid\" \/>\n\t<meta name=\"twitter:data1\" content=\"1 minut\" \/>\n<script type=\"application\/ld+json\" class=\"yoast-schema-graph\">{\"@context\":\"https:\/\/schema.org\",\"@graph\":[{\"@type\":\"WebPage\",\"@id\":\"https:\/\/asgaardrp.com\/index.php\/asgaard-gaming-community-fivem\/regler-for-politiet\/\",\"url\":\"https:\/\/asgaardrp.com\/index.php\/asgaard-gaming-community-fivem\/regler-for-politiet\/\",\"name\":\"Regler for politiet - Asgaard Gaming Community Regler for politiet\",\"isPartOf\":{\"@id\":\"https:\/\/asgaardrp.com\/#website\"},\"datePublished\":\"2021-08-30T00:08:59+00:00\",\"dateModified\":\"2021-08-30T00:09:00+00:00\",\"description\":\"Asgaard Gaming Community Regler for politiet - Her er reglerne for Asgaard' politi styrke. Er der sp\u00f8rgsm\u00e5l hiv fat i teamet\",\"breadcrumb\":{\"@id\":\"https:\/\/asgaardrp.com\/index.php\/asgaard-gaming-community-fivem\/regler-for-politiet\/#breadcrumb\"},\"inLanguage\":\"da-DK\",\"potentialAction\":[{\"@type\":\"ReadAction\",\"target\":[\"https:\/\/asgaardrp.com\/index.php\/asgaard-gaming-community-fivem\/regler-for-politiet\/\"]}]},{\"@type\":\"BreadcrumbList\",\"@id\":\"https:\/\/asgaardrp.com\/index.php\/asgaard-gaming-community-fivem\/regler-for-politiet\/#breadcrumb\",\"itemListElement\":[{\"@type\":\"ListItem\",\"position\":1,\"name\":\"Hjem\",\"item\":\"https:\/\/asgaardrp.com\/\"},{\"@type\":\"ListItem\",\"position\":2,\"name\":\"FiveM\",\"item\":\"https:\/\/asgaardrp.com\/index.php\/asgaard-gaming-community-fivem\/\"},{\"@type\":\"ListItem\",\"position\":3,\"name\":\"Regler for politiet\"}]},{\"@type\":\"WebSite\",\"@id\":\"https:\/\/asgaardrp.com\/#website\",\"url\":\"https:\/\/asgaardrp.com\/\",\"name\":\"Asgaard Gaming Community\",\"description\":\"Velkommen til et f\u00e6llesskab med st\u00e6rkt sammenhold!\",\"publisher\":{\"@id\":\"https:\/\/asgaardrp.com\/#organization\"},\"potentialAction\":[{\"@type\":\"SearchAction\",\"target\":{\"@type\":\"EntryPoint\",\"urlTemplate\":\"https:\/\/asgaardrp.com\/?s={search_term_string}\"},\"query-input\":{\"@type\":\"PropertyValueSpecification\",\"valueRequired\":true,\"valueName\":\"search_term_string\"}}],\"inLanguage\":\"da-DK\"},{\"@type\":\"Organization\",\"@id\":\"https:\/\/asgaardrp.com\/#organization\",\"name\":\"Asgaard Gaming Community\",\"url\":\"https:\/\/asgaardrp.com\/\",\"logo\":{\"@type\":\"ImageObject\",\"inLanguage\":\"da-DK\",\"@id\":\"https:\/\/asgaardrp.com\/#\/schema\/logo\/image\/\",\"url\":\"https:\/\/asgaardrp.com\/wp-content\/uploads\/2021\/08\/cropped-Tri_trans.png\",\"contentUrl\":\"https:\/\/asgaardrp.com\/wp-content\/uploads\/2021\/08\/cropped-Tri_trans.png\",\"width\":500,\"height\":500,\"caption\":\"Asgaard Gaming Community\"},\"image\":{\"@id\":\"https:\/\/asgaardrp.com\/#\/schema\/logo\/image\/\"}}]}<\/script>\n<!-- \/ Yoast SEO plugin. -->","yoast_head_json":{"title":"Regler for politiet - Asgaard Gaming Community Regler for politiet","description":"Asgaard Gaming Community Regler for politiet - Her er reglerne for Asgaard' politi styrke. Er der sp\u00f8rgsm\u00e5l hiv fat i teamet","robots":{"index":"index","follow":"follow","max-snippet":"max-snippet:-1","max-image-preview":"max-image-preview:large","max-video-preview":"max-video-preview:-1"},"canonical":"https:\/\/asgaardrp.com\/index.php\/asgaard-gaming-community-fivem\/regler-for-politiet\/","og_locale":"da_DK","og_type":"article","og_title":"Regler for politiet - Asgaard Gaming Community Regler for politiet","og_description":"Asgaard Gaming Community Regler for politiet - Her er reglerne for Asgaard' politi styrke. Er der sp\u00f8rgsm\u00e5l hiv fat i teamet","og_url":"https:\/\/asgaardrp.com\/index.php\/asgaard-gaming-community-fivem\/regler-for-politiet\/","og_site_name":"Asgaard Gaming Community","article_modified_time":"2021-08-30T00:09:00+00:00","twitter_card":"summary_large_image","twitter_misc":{"Estimeret l\u00e6setid":"1 minut"},"schema":{"@context":"https:\/\/schema.org","@graph":[{"@type":"WebPage","@id":"https:\/\/asgaardrp.com\/index.php\/asgaard-gaming-community-fivem\/regler-for-politiet\/","url":"https:\/\/asgaardrp.com\/index.php\/asgaard-gaming-community-fivem\/regler-for-politiet\/","name":"Regler for politiet - Asgaard Gaming Community Regler for politiet","isPartOf":{"@id":"https:\/\/asgaardrp.com\/#website"},"datePublished":"2021-08-30T00:08:59+00:00","dateModified":"2021-08-30T00:09:00+00:00","description":"Asgaard Gaming Community Regler for politiet - Her er reglerne for Asgaard' politi styrke. Er der sp\u00f8rgsm\u00e5l hiv fat i teamet","breadcrumb":{"@id":"https:\/\/asgaardrp.com\/index.php\/asgaard-gaming-community-fivem\/regler-for-politiet\/#breadcrumb"},"inLanguage":"da-DK","potentialAction":[{"@type":"ReadAction","target":["https:\/\/asgaardrp.com\/index.php\/asgaard-gaming-community-fivem\/regler-for-politiet\/"]}]},{"@type":"BreadcrumbList","@id":"https:\/\/asgaardrp.com\/index.php\/asgaard-gaming-community-fivem\/regler-for-politiet\/#breadcrumb","itemListElement":[{"@type":"ListItem","position":1,"name":"Hjem","item":"https:\/\/asgaardrp.com\/"},{"@type":"ListItem","position":2,"name":"FiveM","item":"https:\/\/asgaardrp.com\/index.php\/asgaard-gaming-community-fivem\/"},{"@type":"ListItem","position":3,"name":"Regler for politiet"}]},{"@type":"WebSite","@id":"https:\/\/asgaardrp.com\/#website","url":"https:\/\/asgaardrp.com\/","name":"Asgaard Gaming Community","description":"Velkommen til et f\u00e6llesskab med st\u00e6rkt sammenhold!","publisher":{"@id":"https:\/\/asgaardrp.com\/#organization"},"potentialAction":[{"@type":"SearchAction","target":{"@type":"EntryPoint","urlTemplate":"https:\/\/asgaardrp.com\/?s={search_term_string}"},"query-input":{"@type":"PropertyValueSpecification","valueRequired":true,"valueName":"search_term_string"}}],"inLanguage":"da-DK"},{"@type":"Organization","@id":"https:\/\/asgaardrp.com\/#organization","name":"Asgaard Gaming Community","url":"https:\/\/asgaardrp.com\/","logo":{"@type":"ImageObject","inLanguage":"da-DK","@id":"https:\/\/asgaardrp.com\/#\/schema\/logo\/image\/","url":"https:\/\/asgaardrp.com\/wp-content\/uploads\/2021\/08\/cropped-Tri_trans.png","contentUrl":"https:\/\/asgaardrp.com\/wp-content\/uploads\/2021\/08\/cropped-Tri_trans.png","width":500,"height":500,"caption":"Asgaard Gaming Community"},"image":{"@id":"https:\/\/asgaardrp.com\/#\/schema\/logo\/image\/"}}]}},"_links":{"self":[{"href":"https:\/\/asgaardrp.com\/index.php\/wp-json\/wp\/v2\/pages\/45","targetHints":{"allow":["GET"]}}],"collection":[{"href":"https:\/\/asgaardrp.com\/index.php\/wp-json\/wp\/v2\/pages"}],"about":[{"href":"https:\/\/asgaardrp.com\/index.php\/wp-json\/wp\/v2\/types\/page"}],"author":[{"embeddable":true,"href":"https:\/\/asgaardrp.com\/index.php\/wp-json\/wp\/v2\/users\/1"}],"replies":[{"embeddable":true,"href":"https:\/\/asgaardrp.com\/index.php\/wp-json\/wp\/v2\/comments?post=45"}],"version-history":[{"count":1,"href":"https:\/\/asgaardrp.com\/index.php\/wp-json\/wp\/v2\/pages\/45\/revisions"}],"predecessor-version":[{"id":46,"href":"https:\/\/asgaardrp.com\/index.php\/wp-json\/wp\/v2\/pages\/45\/revisions\/46"}],"up":[{"embeddable":true,"href":"https:\/\/asgaardrp.com\/index.php\/wp-json\/wp\/v2\/pages\/29"}],"wp:attachment":[{"href":"https:\/\/asgaardrp.com\/index.php\/wp-json\/wp\/v2\/media?parent=45"}],"curies":[{"name":"wp","href":"https:\/\/api.w.org\/{rel}","templated":true}]}}