{"id":41,"date":"2021-08-29T23:57:30","date_gmt":"2021-08-29T23:57:30","guid":{"rendered":"https:\/\/asgaardrp.com\/?page_id=41"},"modified":"2021-11-14T12:30:43","modified_gmt":"2021-11-14T12:30:43","slug":"regler-for-bander-firmaer-og-organisationer","status":"publish","type":"page","link":"https:\/\/asgaardrp.com\/index.php\/asgaard-gaming-community-fivem\/regler-for-bander-firmaer-og-organisationer\/","title":{"rendered":"Regler for bander, firmaer ogorganisationer"},"content":{"rendered":"\n<p>Bander\/virksomheder der eksisterer i single-player GTA V (for eksempel Ballas, Vagos, The Lost, Families, etc.) er som udgangspunkt ikke omfattet af disse, men spillerne kan stadig rollespille som medlemmer af de bander.<\/p>\n\n\n\n<p>Disse regler g\u00e6lder bander, firmaer, organisationer der er skabt, drevet, og administreret af spillerne. De refereres efterf\u00f8lgende til som \u201cgruppe\u201d.<\/p>\n\n\n\n<h3 class=\"wp-block-heading\">1. GRUPPEN SKAL MINIMUM HAVE TO MEDLEMMER<\/h3>\n\n\n\n<p><em>For at en gruppe anerkendes som en spiller-gruppe skal den havde mere end to medlemmer. Ellers er det ikke en gruppe, men en enkelt person.<\/em><\/p>\n\n\n\n<h3 class=\"wp-block-heading\">2. GRUPPEN M\u00c5 IKKE DOMINERER SERVEREN<\/h3>\n\n\n\n<p><em>En koordineret indsats af bare to spillere kan sagtens v\u00e6lte hele serveren og \u00f8del\u00e6gge alle andre spilleres rollespil<\/em>.<\/p>\n\n\n\n<h3 class=\"wp-block-heading\">3. GRUPPER M\u00c5 IKKE ARBEJDE SAMMEN<\/h3>\n\n\n\n<p><em>Det forventes de fleste grupper er konkurrenter og i forl\u00e6ngelse af forrige regel er denne regel til for at undg\u00e5 at den samme klike af spillere opretter hvad der p\u00e5 papiret er to grupper men i praksis er en gruppe.<\/em><\/p>\n\n\n\n<h3 class=\"wp-block-heading\">4. ALLE GRUPPER HAR EN CHEF<\/h3>\n\n\n\n<p><em>Alle grupper har en chef der tager ansvar for gruppens adf\u00e6rd, og at gruppen ikke \u00f8del\u00e6gger resten af serverens rollespil. Det er chefens ansvar at gruppen tjener et form\u00e5l og ikke bare er en flok griefers.<\/em><\/p>\n\n\n\n<h3 class=\"wp-block-heading\">5. GRUPPEN HAR F\u00d8LGENDE RUM<\/h3>\n\n\n\n<p>-Info; her kan kun gruppens chef skrive men alle ]kan l\u00e6se, form\u00e5let er at skrive info om gruppen og bekendtg\u00f8relser for, fra, og til gruppen. <\/p>\n\n\n\n<p>[Gruppe navn]-Chat; her hele gruppen l\u00e6se og kun medlemmerne af gruppen kan skrive. <\/p>\n\n\n\n<p>[Gruppe navn]-Voice; dette er den chat gruppen bruger under rollespil og holder deres egne m\u00f8der i, kun medlemmer af gruppen kan f\u00e5 forbindelse til rummet. <\/p>\n","protected":false},"excerpt":{"rendered":"<p>Bander\/virksomheder der eksisterer i single-player GTA V (for eksempel Ballas, Vagos, The Lost, Families, etc.) er som udgangspunkt ikke omfattet af disse, men spillerne kan stadig rollespille som medlemmer af de bander. Disse regler g\u00e6lder bander, firmaer, organisationer der er skabt, drevet, og administreret af spillerne. De refereres efterf\u00f8lgende til som \u201cgruppe\u201d. 1. GRUPPEN SKAL [&hellip;]<\/p>\n","protected":false},"author":1,"featured_media":0,"parent":29,"menu_order":3,"comment_status":"closed","ping_status":"closed","template":"","meta":{"footnotes":""},"class_list":["post-41","page","type-page","status-publish","hentry"],"yoast_head":"<!-- This site is optimized with the Yoast SEO plugin v23.4 - https:\/\/yoast.com\/wordpress\/plugins\/seo\/ -->\n<title>Regler for bander, firmaer ogorganisationer - grupperinger<\/title>\n<meta name=\"description\" content=\"Asgaard Gaming Community Regler for bander, firmaer ogorganisationer - Asgaard Gaming Community regler for grupperinger\" \/>\n<meta name=\"robots\" content=\"index, follow, max-snippet:-1, max-image-preview:large, max-video-preview:-1\" \/>\n<link rel=\"canonical\" href=\"https:\/\/asgaardrp.com\/index.php\/asgaard-gaming-community-fivem\/regler-for-bander-firmaer-og-organisationer\/\" \/>\n<meta property=\"og:locale\" content=\"da_DK\" \/>\n<meta property=\"og:type\" content=\"article\" \/>\n<meta property=\"og:title\" content=\"Regler for bander, firmaer ogorganisationer - grupperinger\" \/>\n<meta property=\"og:description\" content=\"Asgaard Gaming Community Regler for bander, firmaer ogorganisationer - Asgaard Gaming Community regler for grupperinger\" \/>\n<meta property=\"og:url\" content=\"https:\/\/asgaardrp.com\/index.php\/asgaard-gaming-community-fivem\/regler-for-bander-firmaer-og-organisationer\/\" \/>\n<meta property=\"og:site_name\" content=\"Asgaard Gaming Community\" \/>\n<meta property=\"article:modified_time\" content=\"2021-11-14T12:30:43+00:00\" \/>\n<meta name=\"twitter:card\" content=\"summary_large_image\" \/>\n<meta name=\"twitter:label1\" content=\"Estimeret l\u00e6setid\" \/>\n\t<meta name=\"twitter:data1\" content=\"2 minutter\" \/>\n<script type=\"application\/ld+json\" class=\"yoast-schema-graph\">{\"@context\":\"https:\/\/schema.org\",\"@graph\":[{\"@type\":\"WebPage\",\"@id\":\"https:\/\/asgaardrp.com\/index.php\/asgaard-gaming-community-fivem\/regler-for-bander-firmaer-og-organisationer\/\",\"url\":\"https:\/\/asgaardrp.com\/index.php\/asgaard-gaming-community-fivem\/regler-for-bander-firmaer-og-organisationer\/\",\"name\":\"Regler for bander, firmaer ogorganisationer - grupperinger\",\"isPartOf\":{\"@id\":\"https:\/\/asgaardrp.com\/#website\"},\"datePublished\":\"2021-08-29T23:57:30+00:00\",\"dateModified\":\"2021-11-14T12:30:43+00:00\",\"description\":\"Asgaard Gaming Community Regler for bander, firmaer ogorganisationer - Asgaard Gaming Community regler for grupperinger\",\"breadcrumb\":{\"@id\":\"https:\/\/asgaardrp.com\/index.php\/asgaard-gaming-community-fivem\/regler-for-bander-firmaer-og-organisationer\/#breadcrumb\"},\"inLanguage\":\"da-DK\",\"potentialAction\":[{\"@type\":\"ReadAction\",\"target\":[\"https:\/\/asgaardrp.com\/index.php\/asgaard-gaming-community-fivem\/regler-for-bander-firmaer-og-organisationer\/\"]}]},{\"@type\":\"BreadcrumbList\",\"@id\":\"https:\/\/asgaardrp.com\/index.php\/asgaard-gaming-community-fivem\/regler-for-bander-firmaer-og-organisationer\/#breadcrumb\",\"itemListElement\":[{\"@type\":\"ListItem\",\"position\":1,\"name\":\"Hjem\",\"item\":\"https:\/\/asgaardrp.com\/\"},{\"@type\":\"ListItem\",\"position\":2,\"name\":\"FiveM\",\"item\":\"https:\/\/asgaardrp.com\/index.php\/asgaard-gaming-community-fivem\/\"},{\"@type\":\"ListItem\",\"position\":3,\"name\":\"Regler for bander, firmaer ogorganisationer\"}]},{\"@type\":\"WebSite\",\"@id\":\"https:\/\/asgaardrp.com\/#website\",\"url\":\"https:\/\/asgaardrp.com\/\",\"name\":\"Asgaard Gaming Community\",\"description\":\"Velkommen til et f\u00e6llesskab med st\u00e6rkt sammenhold!\",\"publisher\":{\"@id\":\"https:\/\/asgaardrp.com\/#organization\"},\"potentialAction\":[{\"@type\":\"SearchAction\",\"target\":{\"@type\":\"EntryPoint\",\"urlTemplate\":\"https:\/\/asgaardrp.com\/?s={search_term_string}\"},\"query-input\":{\"@type\":\"PropertyValueSpecification\",\"valueRequired\":true,\"valueName\":\"search_term_string\"}}],\"inLanguage\":\"da-DK\"},{\"@type\":\"Organization\",\"@id\":\"https:\/\/asgaardrp.com\/#organization\",\"name\":\"Asgaard Gaming Community\",\"url\":\"https:\/\/asgaardrp.com\/\",\"logo\":{\"@type\":\"ImageObject\",\"inLanguage\":\"da-DK\",\"@id\":\"https:\/\/asgaardrp.com\/#\/schema\/logo\/image\/\",\"url\":\"https:\/\/asgaardrp.com\/wp-content\/uploads\/2021\/08\/cropped-Tri_trans.png\",\"contentUrl\":\"https:\/\/asgaardrp.com\/wp-content\/uploads\/2021\/08\/cropped-Tri_trans.png\",\"width\":500,\"height\":500,\"caption\":\"Asgaard Gaming Community\"},\"image\":{\"@id\":\"https:\/\/asgaardrp.com\/#\/schema\/logo\/image\/\"}}]}<\/script>\n<!-- \/ Yoast SEO plugin. -->","yoast_head_json":{"title":"Regler for bander, firmaer ogorganisationer - grupperinger","description":"Asgaard Gaming Community Regler for bander, firmaer ogorganisationer - Asgaard Gaming Community regler for grupperinger","robots":{"index":"index","follow":"follow","max-snippet":"max-snippet:-1","max-image-preview":"max-image-preview:large","max-video-preview":"max-video-preview:-1"},"canonical":"https:\/\/asgaardrp.com\/index.php\/asgaard-gaming-community-fivem\/regler-for-bander-firmaer-og-organisationer\/","og_locale":"da_DK","og_type":"article","og_title":"Regler for bander, firmaer ogorganisationer - grupperinger","og_description":"Asgaard Gaming Community Regler for bander, firmaer ogorganisationer - Asgaard Gaming Community regler for grupperinger","og_url":"https:\/\/asgaardrp.com\/index.php\/asgaard-gaming-community-fivem\/regler-for-bander-firmaer-og-organisationer\/","og_site_name":"Asgaard Gaming Community","article_modified_time":"2021-11-14T12:30:43+00:00","twitter_card":"summary_large_image","twitter_misc":{"Estimeret l\u00e6setid":"2 minutter"},"schema":{"@context":"https:\/\/schema.org","@graph":[{"@type":"WebPage","@id":"https:\/\/asgaardrp.com\/index.php\/asgaard-gaming-community-fivem\/regler-for-bander-firmaer-og-organisationer\/","url":"https:\/\/asgaardrp.com\/index.php\/asgaard-gaming-community-fivem\/regler-for-bander-firmaer-og-organisationer\/","name":"Regler for bander, firmaer ogorganisationer - grupperinger","isPartOf":{"@id":"https:\/\/asgaardrp.com\/#website"},"datePublished":"2021-08-29T23:57:30+00:00","dateModified":"2021-11-14T12:30:43+00:00","description":"Asgaard Gaming Community Regler for bander, firmaer ogorganisationer - Asgaard Gaming Community regler for grupperinger","breadcrumb":{"@id":"https:\/\/asgaardrp.com\/index.php\/asgaard-gaming-community-fivem\/regler-for-bander-firmaer-og-organisationer\/#breadcrumb"},"inLanguage":"da-DK","potentialAction":[{"@type":"ReadAction","target":["https:\/\/asgaardrp.com\/index.php\/asgaard-gaming-community-fivem\/regler-for-bander-firmaer-og-organisationer\/"]}]},{"@type":"BreadcrumbList","@id":"https:\/\/asgaardrp.com\/index.php\/asgaard-gaming-community-fivem\/regler-for-bander-firmaer-og-organisationer\/#breadcrumb","itemListElement":[{"@type":"ListItem","position":1,"name":"Hjem","item":"https:\/\/asgaardrp.com\/"},{"@type":"ListItem","position":2,"name":"FiveM","item":"https:\/\/asgaardrp.com\/index.php\/asgaard-gaming-community-fivem\/"},{"@type":"ListItem","position":3,"name":"Regler for bander, firmaer ogorganisationer"}]},{"@type":"WebSite","@id":"https:\/\/asgaardrp.com\/#website","url":"https:\/\/asgaardrp.com\/","name":"Asgaard Gaming Community","description":"Velkommen til et f\u00e6llesskab med st\u00e6rkt sammenhold!","publisher":{"@id":"https:\/\/asgaardrp.com\/#organization"},"potentialAction":[{"@type":"SearchAction","target":{"@type":"EntryPoint","urlTemplate":"https:\/\/asgaardrp.com\/?s={search_term_string}"},"query-input":{"@type":"PropertyValueSpecification","valueRequired":true,"valueName":"search_term_string"}}],"inLanguage":"da-DK"},{"@type":"Organization","@id":"https:\/\/asgaardrp.com\/#organization","name":"Asgaard Gaming Community","url":"https:\/\/asgaardrp.com\/","logo":{"@type":"ImageObject","inLanguage":"da-DK","@id":"https:\/\/asgaardrp.com\/#\/schema\/logo\/image\/","url":"https:\/\/asgaardrp.com\/wp-content\/uploads\/2021\/08\/cropped-Tri_trans.png","contentUrl":"https:\/\/asgaardrp.com\/wp-content\/uploads\/2021\/08\/cropped-Tri_trans.png","width":500,"height":500,"caption":"Asgaard Gaming Community"},"image":{"@id":"https:\/\/asgaardrp.com\/#\/schema\/logo\/image\/"}}]}},"_links":{"self":[{"href":"https:\/\/asgaardrp.com\/index.php\/wp-json\/wp\/v2\/pages\/41","targetHints":{"allow":["GET"]}}],"collection":[{"href":"https:\/\/asgaardrp.com\/index.php\/wp-json\/wp\/v2\/pages"}],"about":[{"href":"https:\/\/asgaardrp.com\/index.php\/wp-json\/wp\/v2\/types\/page"}],"author":[{"embeddable":true,"href":"https:\/\/asgaardrp.com\/index.php\/wp-json\/wp\/v2\/users\/1"}],"replies":[{"embeddable":true,"href":"https:\/\/asgaardrp.com\/index.php\/wp-json\/wp\/v2\/comments?post=41"}],"version-history":[{"count":3,"href":"https:\/\/asgaardrp.com\/index.php\/wp-json\/wp\/v2\/pages\/41\/revisions"}],"predecessor-version":[{"id":170,"href":"https:\/\/asgaardrp.com\/index.php\/wp-json\/wp\/v2\/pages\/41\/revisions\/170"}],"up":[{"embeddable":true,"href":"https:\/\/asgaardrp.com\/index.php\/wp-json\/wp\/v2\/pages\/29"}],"wp:attachment":[{"href":"https:\/\/asgaardrp.com\/index.php\/wp-json\/wp\/v2\/media?parent=41"}],"curies":[{"name":"wp","href":"https:\/\/api.w.org\/{rel}","templated":true}]}}