{"id":18,"date":"2021-08-18T15:44:39","date_gmt":"2021-08-18T15:44:39","guid":{"rendered":"https:\/\/asgaardrp.com\/?page_id=18"},"modified":"2024-09-08T18:18:37","modified_gmt":"2024-09-08T18:18:37","slug":"kontakt-os","status":"publish","type":"page","link":"https:\/\/asgaardrp.com\/index.php\/kontakt-os\/","title":{"rendered":"Kontakt os"},"content":{"rendered":"\n<p>Tr\u00e6t af af skulle oprette support tickets for at komme til, at tale med en fra server ledelsen?<br>Oplever du lang ventetid p\u00e5 en administrator eller moderator hj\u00e6lper dig? <br>P\u00e5 Asgaard g\u00f8r vi det nemt for dig, Vi har flere m\u00e5der du kan komme i kontakt med en fra teamet! <br>Det er vigtigt for os, at du har tillid til teamet bag Asgaard f\u00e6llesskabet da vi ved, at et godt gaming f\u00e6llesskab kun fungerer, hvis vi har glade og tilfredse medlemmer!<\/p>\n\n\n\n<p>Asgaard teamet er her for at hj\u00e6lpe, teamet har v\u00e6ret p\u00e5 serveren l\u00e6nge, og kan besvare jeres sp\u00f8rgsm\u00e5l. <\/p>\n\n\n\n<h3 class=\"wp-block-heading\">Tilslut dig vores Discord server her: <\/h3>\n\n\n\n<figure class=\"wp-block-image size-full is-resized is-style-rounded\"><img loading=\"lazy\" decoding=\"async\" width=\"800\" height=\"600\" src=\"https:\/\/asgaardrp.com\/wp-content\/uploads\/2021\/08\/fw7CRRzTJ9rr8jY8kYtJ.jpg\" alt=\"\" class=\"wp-image-20\" style=\"width:191px;height:144px\" srcset=\"https:\/\/asgaardrp.com\/wp-content\/uploads\/2021\/08\/fw7CRRzTJ9rr8jY8kYtJ.jpg 800w, https:\/\/asgaardrp.com\/wp-content\/uploads\/2021\/08\/fw7CRRzTJ9rr8jY8kYtJ-300x225.jpg 300w, https:\/\/asgaardrp.com\/wp-content\/uploads\/2021\/08\/fw7CRRzTJ9rr8jY8kYtJ-768x576.jpg 768w\" sizes=\"auto, (max-width: 800px) 100vw, 800px\" \/><figcaption class=\"wp-element-caption\">Tryk p\u00e5 billedet for, at acceptere invitationen til Discord Serveren<\/figcaption><\/figure>\n\n\n\n<h2 class=\"wp-block-heading\">Hvordan f\u00e5r jeg kontakt til teamet?<\/h2>\n\n\n\n<ul class=\"wp-block-list\">\n<li>Support rummet p\u00e5 vores discord\n<ol class=\"wp-block-list\">\n<li>S\u00e6t dig ind i voice chat rummet &#8220;Venterum support&#8221; <\/li>\n\n\n\n<li>Skriv kommandoen !support og teamet vil modtage en notifikation om, at du sidder i venterummet<\/li>\n<\/ol>\n<\/li>\n\n\n\n<li>Skriv til et aktivt team medlem\n<ul class=\"wp-block-list\">\n<li>P\u00e5 Asgaard er det tilladt, at skrive beskeder direkte til medlemmer af teamet(G\u00e6lder b\u00e5de Admins og Mods)<\/li>\n\n\n\n<li>Skriver man til et specifikt team medlem, kan der v\u00e6re l\u00e6ngere ventetider da vedkommende muligvis er AFK eller har travlt<\/li>\n<\/ul>\n<\/li>\n\n\n\n<li>Send en e-mail til et medlem af teamet!\n<ul class=\"wp-block-list\">\n<li>Vil du i kontakt med os f\u00f8r du tilslutter dig vores discord server, kan du skrive en mail til et team medlem(e-mail adresser findes l\u00e6nger nede)<\/li>\n<\/ul>\n<\/li>\n\n\n\n<li>Vores team medlemmer er aktive medlemmer i f\u00e6llesskabet, og deltager ofte i hygge snak rummene.\n<ul class=\"wp-block-list\">\n<li>Sidder man med i et voice chat rum, og skulle pludseligt have brug for hj\u00e6lp, kan du bede om hj\u00e6lp i chatten.<\/li>\n<\/ul>\n<\/li>\n<\/ul>\n\n\n\n<h2 class=\"wp-block-heading\">Kom i kontakt med Asgaard teamet!<\/h2>\n\n\n\n<ul class=\"wp-block-list\">\n<li>Administratorer\n<ul class=\"wp-block-list\">\n<li>ShortBeard: <a href=\"shortbeard@asgaardrp.com\"><\/a>shortbeard@asgaardrp.com<\/li>\n\n\n\n<li>Dragonshy107: dragonshy@asgaardrp.com<\/li>\n<\/ul>\n<\/li>\n\n\n\n<li>Super Moderator\n<ul class=\"wp-block-list\">\n<li>Madsking: madsking@asgaardrp.com<\/li>\n<\/ul>\n<\/li>\n\n\n\n<li>Community Moderator\n<ul class=\"wp-block-list\">\n<li>MEME MACHINE<\/li>\n<\/ul>\n<\/li>\n\n\n\n<li>FiveM Moderator\/Udvikler\n<ul class=\"wp-block-list\">\n<li>greybeard@asgaardrp.com<\/li>\n<\/ul>\n<\/li>\n<\/ul>\n\n\n\n<h3 class=\"wp-block-heading\">Vi gl\u00e6der os til at tage imod dig p\u00e5 vores f\u00e6llesskab!<\/h3>\n\n\n\n<figure class=\"wp-block-image size-full is-resized\"><img loading=\"lazy\" decoding=\"async\" width=\"534\" height=\"405\" src=\"https:\/\/asgaardrp.com\/wp-content\/uploads\/2021\/08\/DayZ-Hjemmeside-billede.png\" alt=\"\" class=\"wp-image-21\" style=\"width:268px;height:203px\" srcset=\"https:\/\/asgaardrp.com\/wp-content\/uploads\/2021\/08\/DayZ-Hjemmeside-billede.png 534w, https:\/\/asgaardrp.com\/wp-content\/uploads\/2021\/08\/DayZ-Hjemmeside-billede-300x228.png 300w\" sizes=\"auto, (max-width: 534px) 100vw, 534px\" \/><\/figure>\n\n\n\n<h4 class=\"wp-block-heading\">Se ogs\u00e5: <a href=\"https:\/\/asgaardrp.com\/index.php\/hvad-er-asgaard-gaming-community\/\" target=\"_blank\" rel=\"noreferrer noopener\">https:\/\/asgaardrp.com\/index.php\/hvad-er-asgaard-gaming-community\/<\/a><\/h4>\n","protected":false},"excerpt":{"rendered":"<p>Tr\u00e6t af af skulle oprette support tickets for at komme til, at tale med en fra server ledelsen?Oplever du lang ventetid p\u00e5 en administrator eller moderator hj\u00e6lper dig? P\u00e5 Asgaard g\u00f8r vi det nemt for dig, Vi har flere m\u00e5der du kan komme i kontakt med en fra teamet! Det er vigtigt for os, at [&hellip;]<\/p>\n","protected":false},"author":1,"featured_media":0,"parent":0,"menu_order":0,"comment_status":"closed","ping_status":"closed","template":"","meta":{"footnotes":""},"class_list":["post-18","page","type-page","status-publish","hentry"],"yoast_head":"<!-- This site is optimized with the Yoast SEO plugin v23.4 - https:\/\/yoast.com\/wordpress\/plugins\/seo\/ -->\n<title>Kontakt os - Asgaard Gaming Community Kontakt os<\/title>\n<meta name=\"description\" content=\"Asgaard Gaming Community Her har du den n\u00f8dvendige information, du skal bruge for at komme i kontakt med teamet\" \/>\n<meta name=\"robots\" content=\"index, follow, max-snippet:-1, max-image-preview:large, max-video-preview:-1\" \/>\n<link rel=\"canonical\" href=\"https:\/\/asgaardrp.com\/index.php\/kontakt-os\/\" \/>\n<meta property=\"og:locale\" content=\"da_DK\" \/>\n<meta property=\"og:type\" content=\"article\" \/>\n<meta property=\"og:title\" content=\"Kontakt os - Asgaard Gaming Community Kontakt os\" \/>\n<meta property=\"og:description\" content=\"Asgaard Gaming Community Her har du den n\u00f8dvendige information, du skal bruge for at komme i kontakt med teamet\" \/>\n<meta property=\"og:url\" content=\"https:\/\/asgaardrp.com\/index.php\/kontakt-os\/\" \/>\n<meta property=\"og:site_name\" content=\"Asgaard Gaming Community\" \/>\n<meta property=\"article:modified_time\" content=\"2024-09-08T18:18:37+00:00\" \/>\n<meta property=\"og:image\" content=\"https:\/\/asgaardrp.com\/wp-content\/uploads\/2021\/08\/fw7CRRzTJ9rr8jY8kYtJ.jpg\" \/>\n<meta name=\"twitter:card\" content=\"summary_large_image\" \/>\n<meta name=\"twitter:label1\" content=\"Estimeret l\u00e6setid\" \/>\n\t<meta name=\"twitter:data1\" content=\"3 minutter\" \/>\n<script type=\"application\/ld+json\" class=\"yoast-schema-graph\">{\"@context\":\"https:\/\/schema.org\",\"@graph\":[{\"@type\":[\"WebPage\",\"ContactPage\"],\"@id\":\"https:\/\/asgaardrp.com\/index.php\/kontakt-os\/\",\"url\":\"https:\/\/asgaardrp.com\/index.php\/kontakt-os\/\",\"name\":\"Kontakt os - Asgaard Gaming Community Kontakt os\",\"isPartOf\":{\"@id\":\"https:\/\/asgaardrp.com\/#website\"},\"primaryImageOfPage\":{\"@id\":\"https:\/\/asgaardrp.com\/index.php\/kontakt-os\/#primaryimage\"},\"image\":{\"@id\":\"https:\/\/asgaardrp.com\/index.php\/kontakt-os\/#primaryimage\"},\"thumbnailUrl\":\"https:\/\/asgaardrp.com\/wp-content\/uploads\/2021\/08\/fw7CRRzTJ9rr8jY8kYtJ.jpg\",\"datePublished\":\"2021-08-18T15:44:39+00:00\",\"dateModified\":\"2024-09-08T18:18:37+00:00\",\"description\":\"Asgaard Gaming Community Her har du den n\u00f8dvendige information, du skal bruge for at komme i kontakt med teamet\",\"breadcrumb\":{\"@id\":\"https:\/\/asgaardrp.com\/index.php\/kontakt-os\/#breadcrumb\"},\"inLanguage\":\"da-DK\",\"potentialAction\":[{\"@type\":\"ReadAction\",\"target\":[\"https:\/\/asgaardrp.com\/index.php\/kontakt-os\/\"]}]},{\"@type\":\"ImageObject\",\"inLanguage\":\"da-DK\",\"@id\":\"https:\/\/asgaardrp.com\/index.php\/kontakt-os\/#primaryimage\",\"url\":\"https:\/\/asgaardrp.com\/wp-content\/uploads\/2021\/08\/fw7CRRzTJ9rr8jY8kYtJ.jpg\",\"contentUrl\":\"https:\/\/asgaardrp.com\/wp-content\/uploads\/2021\/08\/fw7CRRzTJ9rr8jY8kYtJ.jpg\",\"width\":800,\"height\":600},{\"@type\":\"BreadcrumbList\",\"@id\":\"https:\/\/asgaardrp.com\/index.php\/kontakt-os\/#breadcrumb\",\"itemListElement\":[{\"@type\":\"ListItem\",\"position\":1,\"name\":\"Hjem\",\"item\":\"https:\/\/asgaardrp.com\/\"},{\"@type\":\"ListItem\",\"position\":2,\"name\":\"Kontakt os\"}]},{\"@type\":\"WebSite\",\"@id\":\"https:\/\/asgaardrp.com\/#website\",\"url\":\"https:\/\/asgaardrp.com\/\",\"name\":\"Asgaard Gaming Community\",\"description\":\"Velkommen til et f\u00e6llesskab med st\u00e6rkt sammenhold!\",\"publisher\":{\"@id\":\"https:\/\/asgaardrp.com\/#organization\"},\"potentialAction\":[{\"@type\":\"SearchAction\",\"target\":{\"@type\":\"EntryPoint\",\"urlTemplate\":\"https:\/\/asgaardrp.com\/?s={search_term_string}\"},\"query-input\":{\"@type\":\"PropertyValueSpecification\",\"valueRequired\":true,\"valueName\":\"search_term_string\"}}],\"inLanguage\":\"da-DK\"},{\"@type\":\"Organization\",\"@id\":\"https:\/\/asgaardrp.com\/#organization\",\"name\":\"Asgaard Gaming Community\",\"url\":\"https:\/\/asgaardrp.com\/\",\"logo\":{\"@type\":\"ImageObject\",\"inLanguage\":\"da-DK\",\"@id\":\"https:\/\/asgaardrp.com\/#\/schema\/logo\/image\/\",\"url\":\"https:\/\/asgaardrp.com\/wp-content\/uploads\/2021\/08\/cropped-Tri_trans.png\",\"contentUrl\":\"https:\/\/asgaardrp.com\/wp-content\/uploads\/2021\/08\/cropped-Tri_trans.png\",\"width\":500,\"height\":500,\"caption\":\"Asgaard Gaming Community\"},\"image\":{\"@id\":\"https:\/\/asgaardrp.com\/#\/schema\/logo\/image\/\"}}]}<\/script>\n<!-- \/ Yoast SEO plugin. -->","yoast_head_json":{"title":"Kontakt os - Asgaard Gaming Community Kontakt os","description":"Asgaard Gaming Community Her har du den n\u00f8dvendige information, du skal bruge for at komme i kontakt med teamet","robots":{"index":"index","follow":"follow","max-snippet":"max-snippet:-1","max-image-preview":"max-image-preview:large","max-video-preview":"max-video-preview:-1"},"canonical":"https:\/\/asgaardrp.com\/index.php\/kontakt-os\/","og_locale":"da_DK","og_type":"article","og_title":"Kontakt os - Asgaard Gaming Community Kontakt os","og_description":"Asgaard Gaming Community Her har du den n\u00f8dvendige information, du skal bruge for at komme i kontakt med teamet","og_url":"https:\/\/asgaardrp.com\/index.php\/kontakt-os\/","og_site_name":"Asgaard Gaming Community","article_modified_time":"2024-09-08T18:18:37+00:00","og_image":[{"url":"https:\/\/asgaardrp.com\/wp-content\/uploads\/2021\/08\/fw7CRRzTJ9rr8jY8kYtJ.jpg"}],"twitter_card":"summary_large_image","twitter_misc":{"Estimeret l\u00e6setid":"3 minutter"},"schema":{"@context":"https:\/\/schema.org","@graph":[{"@type":["WebPage","ContactPage"],"@id":"https:\/\/asgaardrp.com\/index.php\/kontakt-os\/","url":"https:\/\/asgaardrp.com\/index.php\/kontakt-os\/","name":"Kontakt os - Asgaard Gaming Community Kontakt os","isPartOf":{"@id":"https:\/\/asgaardrp.com\/#website"},"primaryImageOfPage":{"@id":"https:\/\/asgaardrp.com\/index.php\/kontakt-os\/#primaryimage"},"image":{"@id":"https:\/\/asgaardrp.com\/index.php\/kontakt-os\/#primaryimage"},"thumbnailUrl":"https:\/\/asgaardrp.com\/wp-content\/uploads\/2021\/08\/fw7CRRzTJ9rr8jY8kYtJ.jpg","datePublished":"2021-08-18T15:44:39+00:00","dateModified":"2024-09-08T18:18:37+00:00","description":"Asgaard Gaming Community Her har du den n\u00f8dvendige information, du skal bruge for at komme i kontakt med teamet","breadcrumb":{"@id":"https:\/\/asgaardrp.com\/index.php\/kontakt-os\/#breadcrumb"},"inLanguage":"da-DK","potentialAction":[{"@type":"ReadAction","target":["https:\/\/asgaardrp.com\/index.php\/kontakt-os\/"]}]},{"@type":"ImageObject","inLanguage":"da-DK","@id":"https:\/\/asgaardrp.com\/index.php\/kontakt-os\/#primaryimage","url":"https:\/\/asgaardrp.com\/wp-content\/uploads\/2021\/08\/fw7CRRzTJ9rr8jY8kYtJ.jpg","contentUrl":"https:\/\/asgaardrp.com\/wp-content\/uploads\/2021\/08\/fw7CRRzTJ9rr8jY8kYtJ.jpg","width":800,"height":600},{"@type":"BreadcrumbList","@id":"https:\/\/asgaardrp.com\/index.php\/kontakt-os\/#breadcrumb","itemListElement":[{"@type":"ListItem","position":1,"name":"Hjem","item":"https:\/\/asgaardrp.com\/"},{"@type":"ListItem","position":2,"name":"Kontakt os"}]},{"@type":"WebSite","@id":"https:\/\/asgaardrp.com\/#website","url":"https:\/\/asgaardrp.com\/","name":"Asgaard Gaming Community","description":"Velkommen til et f\u00e6llesskab med st\u00e6rkt sammenhold!","publisher":{"@id":"https:\/\/asgaardrp.com\/#organization"},"potentialAction":[{"@type":"SearchAction","target":{"@type":"EntryPoint","urlTemplate":"https:\/\/asgaardrp.com\/?s={search_term_string}"},"query-input":{"@type":"PropertyValueSpecification","valueRequired":true,"valueName":"search_term_string"}}],"inLanguage":"da-DK"},{"@type":"Organization","@id":"https:\/\/asgaardrp.com\/#organization","name":"Asgaard Gaming Community","url":"https:\/\/asgaardrp.com\/","logo":{"@type":"ImageObject","inLanguage":"da-DK","@id":"https:\/\/asgaardrp.com\/#\/schema\/logo\/image\/","url":"https:\/\/asgaardrp.com\/wp-content\/uploads\/2021\/08\/cropped-Tri_trans.png","contentUrl":"https:\/\/asgaardrp.com\/wp-content\/uploads\/2021\/08\/cropped-Tri_trans.png","width":500,"height":500,"caption":"Asgaard Gaming Community"},"image":{"@id":"https:\/\/asgaardrp.com\/#\/schema\/logo\/image\/"}}]}},"_links":{"self":[{"href":"https:\/\/asgaardrp.com\/index.php\/wp-json\/wp\/v2\/pages\/18","targetHints":{"allow":["GET"]}}],"collection":[{"href":"https:\/\/asgaardrp.com\/index.php\/wp-json\/wp\/v2\/pages"}],"about":[{"href":"https:\/\/asgaardrp.com\/index.php\/wp-json\/wp\/v2\/types\/page"}],"author":[{"embeddable":true,"href":"https:\/\/asgaardrp.com\/index.php\/wp-json\/wp\/v2\/users\/1"}],"replies":[{"embeddable":true,"href":"https:\/\/asgaardrp.com\/index.php\/wp-json\/wp\/v2\/comments?post=18"}],"version-history":[{"count":6,"href":"https:\/\/asgaardrp.com\/index.php\/wp-json\/wp\/v2\/pages\/18\/revisions"}],"predecessor-version":[{"id":220,"href":"https:\/\/asgaardrp.com\/index.php\/wp-json\/wp\/v2\/pages\/18\/revisions\/220"}],"wp:attachment":[{"href":"https:\/\/asgaardrp.com\/index.php\/wp-json\/wp\/v2\/media?parent=18"}],"curies":[{"name":"wp","href":"https:\/\/api.w.org\/{rel}","templated":true}]}}